{"id":36,"date":"2026-04-05T20:05:10","date_gmt":"2026-04-05T18:05:10","guid":{"rendered":"https:\/\/www.turforeningen.dk\/?page_id=36"},"modified":"2026-04-30T20:23:41","modified_gmt":"2026-04-30T18:23:41","slug":"aktiviteter","status":"publish","type":"page","link":"https:\/\/www.turforeningen.dk\/index.php\/aktiviteter\/","title":{"rendered":"Aktiviteter"},"content":{"rendered":"<div id=\"pl-36\"  class=\"panel-layout\" ><div id=\"pg-36-0\"  class=\"panel-grid panel-no-style\" ><div id=\"pgc-36-0-0\"  class=\"panel-grid-cell\" ><div id=\"panel-36-0-0-0\" class=\"so-panel widget widget_sow-editor panel-first-child panel-last-child\" data-index=\"0\" ><div\n\t\t\t\n\t\t\tclass=\"so-widget-sow-editor so-widget-sow-editor-base\"\n\t\t\t\n\t\t>\n<div class=\"siteorigin-widget-tinymce textwidget\">\n\t<div class=\"kommende\">Kommende arrangementer <i class=\"fas fa-arrow-alt-circle-down \" ><\/i><\/div>\n<div class=\"pt-cv-wrapper\">\n<div class=\"pt-cv-view pt-cv-scrollable pt-cv-colsys\" id=\"pt-cv-view-72eba92tid\">\n<div data-id=\"pt-cv-page-1\" class=\"pt-cv-page\" data-cvc=\"1\">\n<div id=\"6a84d11hrk\" class=\"pt-cv-carousel pt-cv-slide\" data-ride=\"cvcarousel\" data-interval=false>\n<div class=\"carousel-inner\">\n<div class=\"item active\">\n<div class=\"row\">\n<div class=\"col-md-12 pt-cv-content-item pt-cv-1-col\" ><a href=\"https:\/\/www.turforeningen.dk\/index.php\/2026\/04\/30\/erimitageslottet\/\" class=\"_self pt-cv-href-thumbnail pt-cv-thumb-default\" target=\"_self\" ><img loading=\"lazy\" decoding=\"async\" width=\"300\" height=\"150\" src=\"https:\/\/www.turforeningen.dk\/wp-content\/uploads\/2026\/04\/erimitagefeatured-300x150.jpg\" class=\"pt-cv-thumbnail\" alt=\"\" srcset=\"https:\/\/www.turforeningen.dk\/wp-content\/uploads\/2026\/04\/erimitagefeatured-300x150.jpg 300w, https:\/\/www.turforeningen.dk\/wp-content\/uploads\/2026\/04\/erimitagefeatured-1024x512.jpg 1024w, https:\/\/www.turforeningen.dk\/wp-content\/uploads\/2026\/04\/erimitagefeatured-768x384.jpg 768w, https:\/\/www.turforeningen.dk\/wp-content\/uploads\/2026\/04\/erimitagefeatured.jpg 1500w\" sizes=\"auto, (max-width: 300px) 100vw, 300px\" \/><\/a><\/p>\n<div class=\"pt-cv-carousel-caption pt-cv-cap-w-img\">\n<h4 class=\"pt-cv-title\"><a href=\"https:\/\/www.turforeningen.dk\/index.php\/2026\/04\/30\/erimitageslottet\/\" class=\"_self\" target=\"_self\" >ERIMITAGESLOTTET<\/a><\/h4>\n<div class=\"pt-cv-content\">\n<div class=\"pt-cv-rmwrap\"><a href=\"https:\/\/www.turforeningen.dk\/index.php\/2026\/04\/30\/erimitageslottet\/\" class=\"_self pt-cv-readmore btn btn-success\" target=\"_self\">L\u00e6s Mere<\/a><\/div>\n<\/div>\n<\/div>\n<\/div>\n<\/div>\n<\/div>\n<\/div>\n<\/div>\n<\/div>\n<\/div>\n<\/div>\n<\/div>\n<\/div><\/div><\/div><\/div><div id=\"pg-36-1\"  class=\"panel-grid panel-no-style\" ><div id=\"pgc-36-1-0\"  class=\"panel-grid-cell\" ><div id=\"panel-36-1-0-0\" class=\"so-panel widget widget_sow-editor panel-first-child panel-last-child\" data-index=\"1\" ><div\n\t\t\t\n\t\t\tclass=\"so-widget-sow-editor so-widget-sow-editor-base\"\n\t\t\t\n\t\t>\n<div class=\"siteorigin-widget-tinymce textwidget\">\n\t<div class=\"entry-title2\">KOMMENDE AKTIVITETER<\/div>\n<\/div>\n<\/div><\/div><\/div><\/div><div id=\"pg-36-2\"  class=\"panel-grid panel-no-style\" ><div id=\"pgc-36-2-0\"  class=\"panel-grid-cell\" ><div id=\"panel-36-2-0-0\" class=\"so-panel widget widget_sow-editor panel-first-child panel-last-child\" data-index=\"2\" ><div\n\t\t\t\n\t\t\tclass=\"so-widget-sow-editor so-widget-sow-editor-base\"\n\t\t\t\n\t\t>\n<div class=\"siteorigin-widget-tinymce textwidget\">\n\t<style type='text\/css' media='all'>#rt-tpg-container-701421221 .rt-holder .rt-woo-info .price{color:#0367bf;}body .rt-tpg-container .rt-tpg-isotope-buttons .selected,\n\t\t\t\t\t#rt-tpg-container-701421221 .layout12 .rt-holder:hover .rt-detail,\n\t\t\t\t\t#rt-tpg-container-701421221 .isotope8 .rt-holder:hover .rt-detail,\n\t\t\t\t\t#rt-tpg-container-701421221 .carousel8 .rt-holder:hover .rt-detail,\n\t\t\t\t\t#rt-tpg-container-701421221 .layout13 .rt-holder .overlay .post-info,\n\t\t\t\t\t#rt-tpg-container-701421221 .isotope9 .rt-holder .overlay .post-info,\n\t\t\t\t\t#rt-tpg-container-701421221.rt-tpg-container .layout4 .rt-holder .rt-detail,\n\t\t\t\t\t.rt-modal-701421221 .md-content,\n\t\t\t\t\t.rt-modal-701421221 .md-content > .rt-md-content-holder .rt-md-content,\n\t\t\t\t\t.rt-popup-wrap-701421221.rt-popup-wrap .rt-popup-navigation-wrap,\n\t\t\t\t\t#rt-tpg-container-701421221 .carousel9 .rt-holder .overlay .post-info{background-color:#0367bf;}#rt-tpg-container-701421221 .layout5 .rt-holder .overlay, #rt-tpg-container-701421221 .isotope2 .rt-holder .overlay, #rt-tpg-container-701421221 .carousel2 .rt-holder .overlay,#rt-tpg-container-701421221 .layout15 .rt-holder h3, #rt-tpg-container-701421221 .isotope11 .rt-holder h3, #rt-tpg-container-701421221 .carousel11 .rt-holder h3, #rt-tpg-container-701421221 .layout16 .rt-holder h3,\n\t\t\t\t\t#rt-tpg-container-701421221 .isotope12 .rt-holder h3, #rt-tpg-container-701421221 .carousel12 .rt-holder h3 {background-color:rgba(3,103,191,0.8);}#rt-tpg-container-701421221 .read-more a{border-radius:px;}#rt-tpg-container-701421221 .rt-img-holder img.rt-img-responsive,#rt-tpg-container-701421221 .rt-img-holder,\n\t\t\t\t\t#rt-tpg-container-701421221 .rt-post-overlay .post-img,\n\t\t\t\t\t#rt-tpg-container-701421221 .post-sm .post-img,\n\t\t\t\t\t#rt-tpg-container-701421221 .rt-post-grid .post-img,\n\t\t\t\t\t#rt-tpg-container-701421221 .post-img img {border-radius:px;}<\/style>\n<div class='rt-container-fluid rt-tpg-container tpg-shortcode-main-wrapper ' id='rt-tpg-container-701421221'   data-layout='layout2' data-grid-style='even' data-desktop-col='1'  data-tab-col='1'  data-mobile-col='1' data-sc-id='273'>\n<div data-title='Loading ...' class='rt-row rt-content-loader   layout2 tpg-even '>\n<div class=\"rt-col-md-12 rt-col-sm-12 rt-col-xs-12 even-grid-item rt-grid-item\" data-id=\"1649\">\n<div class=\"rt-holder\">\n<div class=\"rt-row\">\n<div class='rt-col-sm-4 rt-col-xs-12 '>\n<div class=\"rt-img-holder\"><a data-id='1649' class='' href='https:\/\/www.turforeningen.dk\/index.php\/2026\/04\/30\/erimitageslottet\/'><img loading=\"lazy\" decoding=\"async\" width=\"1500\" height=\"750\" src=\"https:\/\/www.turforeningen.dk\/wp-content\/uploads\/2026\/04\/erimitagefeatured.jpg\" class=\"rt-img-responsive \" alt=\"\" \/><\/a><\/div>\n<\/div>\n<div class='rt-col-sm-8 rt-col-xs-12 '>\n<div class='rt-detail'>\n<h3 class=\"entry-title\"><a data-id=\"1649\" class=\"\" href=\"https:\/\/www.turforeningen.dk\/index.php\/2026\/04\/30\/erimitageslottet\/\">ERIMITAGESLOTTET<\/a><\/h3>\n<div class='tpg-excerpt'>Fejr Nordsj\u00e6lland Turforenings 10-\u00e5rs jubil\u00e6um med en stemningsfuld udflugt til Eremitageslottet i Dyrehaven \u2013 med sp\u00e6ndende rundvisning og hyggelig frokost bagefter...<\/div>\n<p><span class='read-more '><a data-id='1649' class='' href='https:\/\/www.turforeningen.dk\/index.php\/2026\/04\/30\/erimitageslottet\/'>Read More<\/a><\/span><\/div>\n<\/div>\n<\/div>\n<\/div>\n<\/div>\n<\/div>\n<\/div>\n<\/div>\n<\/div><\/div><\/div><\/div><\/div>","protected":false},"excerpt":{"rendered":"<p>Kommende arrangementer KOMMENDE AKTIVITETER<\/p>\n","protected":false},"author":1,"featured_media":0,"parent":0,"menu_order":0,"comment_status":"closed","ping_status":"closed","template":"","meta":{"_acf_changed":false,"footnotes":""},"class_list":["post-36","page","type-page","status-publish"],"acf":[],"yoast_head":"<!-- This site is optimized with the Yoast SEO plugin v27.5 - https:\/\/yoast.com\/product\/yoast-seo-wordpress\/ -->\n<title>Aktiviteter - Nordsj\u00e6lland Turforening<\/title>\n<meta name=\"robots\" content=\"index, follow, max-snippet:-1, max-image-preview:large, max-video-preview:-1\" \/>\n<link rel=\"canonical\" href=\"https:\/\/www.turforeningen.dk\/index.php\/aktiviteter\/\" \/>\n<meta property=\"og:locale\" content=\"da_DK\" \/>\n<meta property=\"og:type\" content=\"article\" \/>\n<meta property=\"og:title\" content=\"Aktiviteter - Nordsj\u00e6lland Turforening\" \/>\n<meta property=\"og:description\" content=\"Kommende arrangementer KOMMENDE AKTIVITETER\" \/>\n<meta property=\"og:url\" content=\"https:\/\/www.turforeningen.dk\/index.php\/aktiviteter\/\" \/>\n<meta property=\"og:site_name\" content=\"Nordsj\u00e6lland Turforening\" \/>\n<meta property=\"article:publisher\" content=\"https:\/\/www.facebook.com\/nordsjaellandturforening\" \/>\n<meta property=\"article:modified_time\" content=\"2026-04-30T18:23:41+00:00\" \/>\n<meta property=\"og:image\" content=\"https:\/\/www.turforeningen.dk\/wp-content\/uploads\/2026\/04\/erimitageslottet-300x164.jpg\" \/>\n<meta name=\"twitter:card\" content=\"summary_large_image\" \/>\n<meta name=\"twitter:label1\" content=\"Estimeret l\u00e6setid\" \/>\n\t<meta name=\"twitter:data1\" content=\"1 minut\" \/>\n<script type=\"application\/ld+json\" class=\"yoast-schema-graph\">{\"@context\":\"https:\\\/\\\/schema.org\",\"@graph\":[{\"@type\":\"WebPage\",\"@id\":\"https:\\\/\\\/www.turforeningen.dk\\\/index.php\\\/aktiviteter\\\/\",\"url\":\"https:\\\/\\\/www.turforeningen.dk\\\/index.php\\\/aktiviteter\\\/\",\"name\":\"Aktiviteter - Nordsj\u00e6lland Turforening\",\"isPartOf\":{\"@id\":\"https:\\\/\\\/www.turforeningen.dk\\\/#website\"},\"primaryImageOfPage\":{\"@id\":\"https:\\\/\\\/www.turforeningen.dk\\\/index.php\\\/aktiviteter\\\/#primaryimage\"},\"image\":{\"@id\":\"https:\\\/\\\/www.turforeningen.dk\\\/index.php\\\/aktiviteter\\\/#primaryimage\"},\"thumbnailUrl\":\"https:\\\/\\\/www.turforeningen.dk\\\/wp-content\\\/uploads\\\/2026\\\/04\\\/erimitageslottet-300x164.jpg\",\"datePublished\":\"2026-04-05T18:05:10+00:00\",\"dateModified\":\"2026-04-30T18:23:41+00:00\",\"breadcrumb\":{\"@id\":\"https:\\\/\\\/www.turforeningen.dk\\\/index.php\\\/aktiviteter\\\/#breadcrumb\"},\"inLanguage\":\"da-DK\",\"potentialAction\":[{\"@type\":\"ReadAction\",\"target\":[\"https:\\\/\\\/www.turforeningen.dk\\\/index.php\\\/aktiviteter\\\/\"]}]},{\"@type\":\"ImageObject\",\"inLanguage\":\"da-DK\",\"@id\":\"https:\\\/\\\/www.turforeningen.dk\\\/index.php\\\/aktiviteter\\\/#primaryimage\",\"url\":\"\",\"contentUrl\":\"\"},{\"@type\":\"BreadcrumbList\",\"@id\":\"https:\\\/\\\/www.turforeningen.dk\\\/index.php\\\/aktiviteter\\\/#breadcrumb\",\"itemListElement\":[{\"@type\":\"ListItem\",\"position\":1,\"name\":\"Hjem\",\"item\":\"https:\\\/\\\/www.turforeningen.dk\\\/\"},{\"@type\":\"ListItem\",\"position\":2,\"name\":\"Aktiviteter\"}]},{\"@type\":\"WebSite\",\"@id\":\"https:\\\/\\\/www.turforeningen.dk\\\/#website\",\"url\":\"https:\\\/\\\/www.turforeningen.dk\\\/\",\"name\":\"Nordsj\u00e6lland Turforening\",\"description\":\"\",\"publisher\":{\"@id\":\"https:\\\/\\\/www.turforeningen.dk\\\/#organization\"},\"potentialAction\":[{\"@type\":\"SearchAction\",\"target\":{\"@type\":\"EntryPoint\",\"urlTemplate\":\"https:\\\/\\\/www.turforeningen.dk\\\/?s={search_term_string}\"},\"query-input\":{\"@type\":\"PropertyValueSpecification\",\"valueRequired\":true,\"valueName\":\"search_term_string\"}}],\"inLanguage\":\"da-DK\"},{\"@type\":\"Organization\",\"@id\":\"https:\\\/\\\/www.turforeningen.dk\\\/#organization\",\"name\":\"Nordsj\u00e6lland Turforening\",\"url\":\"https:\\\/\\\/www.turforeningen.dk\\\/\",\"logo\":{\"@type\":\"ImageObject\",\"inLanguage\":\"da-DK\",\"@id\":\"https:\\\/\\\/www.turforeningen.dk\\\/#\\\/schema\\\/logo\\\/image\\\/\",\"url\":\"https:\\\/\\\/www.turforeningen.dk\\\/wp-content\\\/uploads\\\/2026\\\/04\\\/footerlogo-1.png\",\"contentUrl\":\"https:\\\/\\\/www.turforeningen.dk\\\/wp-content\\\/uploads\\\/2026\\\/04\\\/footerlogo-1.png\",\"width\":764,\"height\":188,\"caption\":\"Nordsj\u00e6lland Turforening\"},\"image\":{\"@id\":\"https:\\\/\\\/www.turforeningen.dk\\\/#\\\/schema\\\/logo\\\/image\\\/\"},\"sameAs\":[\"https:\\\/\\\/www.facebook.com\\\/nordsjaellandturforening\"]}]}<\/script>\n<!-- \/ Yoast SEO plugin. -->","yoast_head_json":{"title":"Aktiviteter - Nordsj\u00e6lland Turforening","robots":{"index":"index","follow":"follow","max-snippet":"max-snippet:-1","max-image-preview":"max-image-preview:large","max-video-preview":"max-video-preview:-1"},"canonical":"https:\/\/www.turforeningen.dk\/index.php\/aktiviteter\/","og_locale":"da_DK","og_type":"article","og_title":"Aktiviteter - Nordsj\u00e6lland Turforening","og_description":"Kommende arrangementer KOMMENDE AKTIVITETER","og_url":"https:\/\/www.turforeningen.dk\/index.php\/aktiviteter\/","og_site_name":"Nordsj\u00e6lland Turforening","article_publisher":"https:\/\/www.facebook.com\/nordsjaellandturforening","article_modified_time":"2026-04-30T18:23:41+00:00","og_image":[{"url":"https:\/\/www.turforeningen.dk\/wp-content\/uploads\/2026\/04\/erimitageslottet-300x164.jpg","type":"","width":"","height":""}],"twitter_card":"summary_large_image","twitter_misc":{"Estimeret l\u00e6setid":"1 minut"},"schema":{"@context":"https:\/\/schema.org","@graph":[{"@type":"WebPage","@id":"https:\/\/www.turforeningen.dk\/index.php\/aktiviteter\/","url":"https:\/\/www.turforeningen.dk\/index.php\/aktiviteter\/","name":"Aktiviteter - Nordsj\u00e6lland Turforening","isPartOf":{"@id":"https:\/\/www.turforeningen.dk\/#website"},"primaryImageOfPage":{"@id":"https:\/\/www.turforeningen.dk\/index.php\/aktiviteter\/#primaryimage"},"image":{"@id":"https:\/\/www.turforeningen.dk\/index.php\/aktiviteter\/#primaryimage"},"thumbnailUrl":"https:\/\/www.turforeningen.dk\/wp-content\/uploads\/2026\/04\/erimitageslottet-300x164.jpg","datePublished":"2026-04-05T18:05:10+00:00","dateModified":"2026-04-30T18:23:41+00:00","breadcrumb":{"@id":"https:\/\/www.turforeningen.dk\/index.php\/aktiviteter\/#breadcrumb"},"inLanguage":"da-DK","potentialAction":[{"@type":"ReadAction","target":["https:\/\/www.turforeningen.dk\/index.php\/aktiviteter\/"]}]},{"@type":"ImageObject","inLanguage":"da-DK","@id":"https:\/\/www.turforeningen.dk\/index.php\/aktiviteter\/#primaryimage","url":"","contentUrl":""},{"@type":"BreadcrumbList","@id":"https:\/\/www.turforeningen.dk\/index.php\/aktiviteter\/#breadcrumb","itemListElement":[{"@type":"ListItem","position":1,"name":"Hjem","item":"https:\/\/www.turforeningen.dk\/"},{"@type":"ListItem","position":2,"name":"Aktiviteter"}]},{"@type":"WebSite","@id":"https:\/\/www.turforeningen.dk\/#website","url":"https:\/\/www.turforeningen.dk\/","name":"Nordsj\u00e6lland Turforening","description":"","publisher":{"@id":"https:\/\/www.turforeningen.dk\/#organization"},"potentialAction":[{"@type":"SearchAction","target":{"@type":"EntryPoint","urlTemplate":"https:\/\/www.turforeningen.dk\/?s={search_term_string}"},"query-input":{"@type":"PropertyValueSpecification","valueRequired":true,"valueName":"search_term_string"}}],"inLanguage":"da-DK"},{"@type":"Organization","@id":"https:\/\/www.turforeningen.dk\/#organization","name":"Nordsj\u00e6lland Turforening","url":"https:\/\/www.turforeningen.dk\/","logo":{"@type":"ImageObject","inLanguage":"da-DK","@id":"https:\/\/www.turforeningen.dk\/#\/schema\/logo\/image\/","url":"https:\/\/www.turforeningen.dk\/wp-content\/uploads\/2026\/04\/footerlogo-1.png","contentUrl":"https:\/\/www.turforeningen.dk\/wp-content\/uploads\/2026\/04\/footerlogo-1.png","width":764,"height":188,"caption":"Nordsj\u00e6lland Turforening"},"image":{"@id":"https:\/\/www.turforeningen.dk\/#\/schema\/logo\/image\/"},"sameAs":["https:\/\/www.facebook.com\/nordsjaellandturforening"]}]}},"rttpg_featured_image_url":null,"rttpg_author":{"display_name":"Lars","author_link":"https:\/\/www.turforeningen.dk\/index.php\/author\/lars\/"},"rttpg_comment":0,"rttpg_category":null,"rttpg_excerpt":"Kommende arrangementer KOMMENDE AKTIVITETER","_links":{"self":[{"href":"https:\/\/www.turforeningen.dk\/index.php\/wp-json\/wp\/v2\/pages\/36","targetHints":{"allow":["GET"]}}],"collection":[{"href":"https:\/\/www.turforeningen.dk\/index.php\/wp-json\/wp\/v2\/pages"}],"about":[{"href":"https:\/\/www.turforeningen.dk\/index.php\/wp-json\/wp\/v2\/types\/page"}],"author":[{"embeddable":true,"href":"https:\/\/www.turforeningen.dk\/index.php\/wp-json\/wp\/v2\/users\/1"}],"replies":[{"embeddable":true,"href":"https:\/\/www.turforeningen.dk\/index.php\/wp-json\/wp\/v2\/comments?post=36"}],"version-history":[{"count":17,"href":"https:\/\/www.turforeningen.dk\/index.php\/wp-json\/wp\/v2\/pages\/36\/revisions"}],"predecessor-version":[{"id":1639,"href":"https:\/\/www.turforeningen.dk\/index.php\/wp-json\/wp\/v2\/pages\/36\/revisions\/1639"}],"wp:attachment":[{"href":"https:\/\/www.turforeningen.dk\/index.php\/wp-json\/wp\/v2\/media?parent=36"}],"curies":[{"name":"wp","href":"https:\/\/api.w.org\/{rel}","templated":true}]}}