{"id":32,"date":"2026-04-05T20:02:29","date_gmt":"2026-04-05T18:02:29","guid":{"rendered":"https:\/\/www.turforeningen.dk\/?page_id=32"},"modified":"2026-04-30T22:38:07","modified_gmt":"2026-04-30T20:38:07","slug":"medlemsskab","status":"publish","type":"page","link":"https:\/\/www.turforeningen.dk\/index.php\/medlemsskab\/","title":{"rendered":"Medlemsskab"},"content":{"rendered":"<div id=\"pl-32\"  class=\"panel-layout\" ><div id=\"pg-32-0\"  class=\"panel-grid panel-no-style\" ><div id=\"pgc-32-0-0\"  class=\"panel-grid-cell\" ><div id=\"panel-32-0-0-0\" class=\"so-panel widget widget_sow-editor panel-first-child panel-last-child\" data-index=\"0\" ><div\n\t\t\t\n\t\t\tclass=\"so-widget-sow-editor so-widget-sow-editor-base\"\n\t\t\t\n\t\t>\n<div class=\"siteorigin-widget-tinymce textwidget\">\n\t<div class=\"kommende\">Kommende arrangementer <i class=\"fas fa-arrow-alt-circle-down \" ><\/i><\/div>\n<div class=\"pt-cv-wrapper\">\n<div class=\"pt-cv-view pt-cv-scrollable pt-cv-colsys\" id=\"pt-cv-view-72eba92tid\">\n<div data-id=\"pt-cv-page-1\" class=\"pt-cv-page\" data-cvc=\"1\">\n<div id=\"9bd39392be\" class=\"pt-cv-carousel pt-cv-slide\" data-ride=\"cvcarousel\" data-interval=false>\n<div class=\"carousel-inner\">\n<div class=\"item active\">\n<div class=\"row\">\n<div class=\"col-md-12 pt-cv-content-item pt-cv-1-col\" ><a href=\"https:\/\/www.turforeningen.dk\/index.php\/2026\/04\/30\/erimitageslottet\/\" class=\"_self pt-cv-href-thumbnail pt-cv-thumb-default\" target=\"_self\" ><img loading=\"lazy\" decoding=\"async\" width=\"300\" height=\"150\" src=\"https:\/\/www.turforeningen.dk\/wp-content\/uploads\/2026\/04\/erimitagefeatured-300x150.jpg\" class=\"pt-cv-thumbnail\" alt=\"\" srcset=\"https:\/\/www.turforeningen.dk\/wp-content\/uploads\/2026\/04\/erimitagefeatured-300x150.jpg 300w, https:\/\/www.turforeningen.dk\/wp-content\/uploads\/2026\/04\/erimitagefeatured-1024x512.jpg 1024w, https:\/\/www.turforeningen.dk\/wp-content\/uploads\/2026\/04\/erimitagefeatured-768x384.jpg 768w, https:\/\/www.turforeningen.dk\/wp-content\/uploads\/2026\/04\/erimitagefeatured.jpg 1500w\" sizes=\"auto, (max-width: 300px) 100vw, 300px\" \/><\/a><\/p>\n<div class=\"pt-cv-carousel-caption pt-cv-cap-w-img\">\n<h4 class=\"pt-cv-title\"><a href=\"https:\/\/www.turforeningen.dk\/index.php\/2026\/04\/30\/erimitageslottet\/\" class=\"_self\" target=\"_self\" >ERIMITAGESLOTTET<\/a><\/h4>\n<div class=\"pt-cv-content\">\n<div class=\"pt-cv-rmwrap\"><a href=\"https:\/\/www.turforeningen.dk\/index.php\/2026\/04\/30\/erimitageslottet\/\" class=\"_self pt-cv-readmore btn btn-success\" target=\"_self\">L\u00e6s Mere<\/a><\/div>\n<\/div>\n<\/div>\n<\/div>\n<\/div>\n<\/div>\n<\/div>\n<\/div>\n<\/div>\n<\/div>\n<\/div>\n<\/div>\n<\/div><\/div><\/div><\/div><div id=\"pg-32-1\"  class=\"panel-grid panel-no-style\" ><div id=\"pgc-32-1-0\"  class=\"panel-grid-cell\" ><div id=\"panel-32-1-0-0\" class=\"so-panel widget widget_sow-editor panel-first-child panel-last-child\" data-index=\"1\" ><div\n\t\t\t\n\t\t\tclass=\"so-widget-sow-editor so-widget-sow-editor-base\"\n\t\t\t\n\t\t>\n<div class=\"siteorigin-widget-tinymce textwidget\">\n\t<div class=\"entry-title2\">Medlemsskab<\/div>\n<\/div>\n<\/div><\/div><\/div><\/div><div id=\"pg-32-2\"  class=\"panel-grid panel-no-style\" ><div id=\"pgc-32-2-0\"  class=\"panel-grid-cell\" ><div id=\"panel-32-2-0-0\" class=\"so-panel widget widget_siteorigin-panels-builder panel-first-child panel-last-child\" data-index=\"2\" ><div id=\"pl-w69f31d2fdf79a\"  class=\"panel-layout\" ><div id=\"pg-w69f31d2fdf79a-0\"  class=\"panel-grid panel-no-style\" ><div id=\"pgc-w69f31d2fdf79a-0-0\"  class=\"panel-grid-cell\" ><div id=\"panel-w69f31d2fdf79a-0-0-0\" class=\"so-panel widget widget_sow-editor panel-first-child panel-last-child\" data-index=\"0\" ><div class=\"panel-widget-style panel-widget-style-for-w69f31d2fdf79a-0-0-0\" ><div\n\t\t\t\n\t\t\tclass=\"so-widget-sow-editor so-widget-sow-editor-base\"\n\t\t\t\n\t\t>\n<div class=\"siteorigin-widget-tinymce textwidget\">\n\t<div class=\"custom-divider-header\"><span class=\"divider-text\">TAK FOR INTERESSEN <i class=\"far fa-smile-beam \" ><\/i><\/span><\/div>\n<\/div>\n<\/div><\/div><\/div><\/div><\/div><div id=\"pg-w69f31d2fdf79a-1\"  class=\"panel-grid panel-no-style\" ><div id=\"pgc-w69f31d2fdf79a-1-0\"  class=\"panel-grid-cell\" ><div id=\"panel-w69f31d2fdf79a-1-0-0\" class=\"so-panel widget widget_sow-editor panel-first-child panel-last-child\" data-index=\"1\" ><div class=\"pong panel-widget-style panel-widget-style-for-w69f31d2fdf79a-1-0-0\" ><div\n\t\t\t\n\t\t\tclass=\"so-widget-sow-editor so-widget-sow-editor-base\"\n\t\t\t\n\t\t>\n<div class=\"siteorigin-widget-tinymce textwidget\">\n\t<p>Som medlem af Nordsj\u00e6lland Turforening k\u00f8ber du ikke bare et medlemskab \u2013 du k\u00f8ber en billet til det fri og et f\u00e6llesskab, der aldrig st\u00e5r stille.<\/p>\n<p><strong>Frisk luft p\u00e5 abonnement. <\/strong><br \/>\nVi disker op med ca. to arrangementer om m\u00e5neden.  Vi f\u00f8lger \u00e5rstidernes skiften, s\u00e5 du altid f\u00e5r de bedste oplevelser, uanset om skovbunden er d\u00e6kket af anemoner eller rimfrost.<\/p>\n<p><strong>En plads ved bordet. <\/strong><br \/>\nDu bliver selvf\u00f8lgelig inviteret med til vores \u00e5rlige generalforsamling. Her kan du f\u00e5 indflydelse p\u00e5, hvilke stier vi skal betr\u00e6de n\u00e6ste gang.<\/p>\n<p><strong>Tag naboen under armen<\/strong><br \/>\nHar du en ven, der tr\u00e6nger til at se andet end sin egen have? Du er altid velkommen til at tage g\u00e6ster med. De betaler som regel en smule mere for oplevelsen end dig \u2013 men det er jo ogs\u00e5 en af fordelene ved at v\u00e6re p\u00e5 \"hjemmebane\" som medlem.<\/p>\n<p><strong>S\u00e5dan kommer du med \"derud\"<\/strong><br \/>\nDet er nemmere at melde sig ind, end det er at finde vej gennem Gribskov uden kort! Du kan enten udfylde blanketten her p\u00e5 siden med det samme, eller give os et ring p\u00e5 29 21 41 48, hvis du foretr\u00e6kker en god gammeldags snak.<\/p>\n<p><strong>Hvad koster det?<\/strong><br \/>\nFor s\u00f8lle 150 kr. om \u00e5ret (2026-pris) er du med. Det svarer til prisen p\u00e5 et par gode vandresokker, men her f\u00e5r du minder for livet i stedet. Pengene g\u00e5r ubesk\u00e5ret til foreningens drift, s\u00e5 vi kan blive ved med at skabe rammerne for jeres n\u00e6ste eventyr.<\/p>\n<\/div>\n<\/div><\/div><\/div><\/div><\/div><\/div><\/div><\/div><div id=\"pgc-32-2-1\"  class=\"panel-grid-cell\" ><div id=\"panel-32-2-1-0\" class=\"so-panel widget widget_siteorigin-panels-builder panel-first-child panel-last-child\" data-index=\"3\" ><div id=\"pl-w69f31bd6220c7\"  class=\"panel-layout\" ><div id=\"pg-w69f31bd6220c7-0\"  class=\"panel-grid panel-no-style\" ><div id=\"pgc-w69f31bd6220c7-0-0\"  class=\"panel-grid-cell\" ><div id=\"panel-w69f31bd6220c7-0-0-0\" class=\"so-panel widget widget_sow-editor panel-first-child panel-last-child\" data-index=\"0\" ><div class=\"panel-widget-style panel-widget-style-for-w69f31bd6220c7-0-0-0\" ><div\n\t\t\t\n\t\t\tclass=\"so-widget-sow-editor so-widget-sow-editor-base\"\n\t\t\t\n\t\t>\n<div class=\"siteorigin-widget-tinymce textwidget\">\n\t<div class=\"custom-divider-header\"><span class=\"divider-text\">TILMELDINGSBLANKET <i class=\"fas fa-address-card \" ><\/i><\/span><\/div>\n<\/div>\n<\/div><\/div><\/div><\/div><\/div><div id=\"pg-w69f31bd6220c7-1\"  class=\"panel-grid panel-no-style\" ><div id=\"pgc-w69f31bd6220c7-1-0\"  class=\"panel-grid-cell\" ><div id=\"panel-w69f31bd6220c7-1-0-0\" class=\"so-panel widget widget_sow-editor panel-first-child panel-last-child\" data-index=\"1\" ><div class=\"bemember panel-widget-style panel-widget-style-for-w69f31bd6220c7-1-0-0\" ><div\n\t\t\t\n\t\t\tclass=\"so-widget-sow-editor so-widget-sow-editor-base\"\n\t\t\t\n\t\t>\n<div class=\"siteorigin-widget-tinymce textwidget\">\n\t<div class=\"wpcf7 no-js\" id=\"wpcf7-f445-o1\" lang=\"da-DK\" dir=\"ltr\" data-wpcf7-id=\"445\">\n<div class=\"screen-reader-response\">\n<p role=\"status\" aria-live=\"polite\" aria-atomic=\"true\">\n<ul><\/ul>\n<\/div>\n<form action=\"\/index.php\/wp-json\/wp\/v2\/pages\/32#wpcf7-f445-o1\" method=\"post\" class=\"wpcf7-form init\" aria-label=\"Kontaktformular\" novalidate=\"novalidate\" data-status=\"init\">\n<fieldset class=\"hidden-fields-container\"><input type=\"hidden\" name=\"_wpcf7\" value=\"445\" \/><input type=\"hidden\" name=\"_wpcf7_version\" value=\"6.1.5\" \/><input type=\"hidden\" name=\"_wpcf7_locale\" value=\"da_DK\" \/><input type=\"hidden\" name=\"_wpcf7_unit_tag\" value=\"wpcf7-f445-o1\" \/><input type=\"hidden\" name=\"_wpcf7_container_post\" value=\"0\" \/><input type=\"hidden\" name=\"_wpcf7_posted_data_hash\" value=\"\" \/><input type=\"hidden\" name=\"_wpcf7dtx_version\" value=\"5.0.5\" \/><br \/>\n<\/fieldset>\n<div class=\"txtfdiv\">\n<p>Dit navn<br \/>\n<span class=\"wpcf7-form-control-wrap\" data-name=\"Navn\"><input size=\"40\" maxlength=\"400\" class=\"wpcf7-form-control wpcf7-text wpcf7-validates-as-required txtf\" autocomplete=\"name\" aria-required=\"true\" aria-invalid=\"false\" value=\"\" type=\"text\" name=\"Navn\" \/><\/span>\n\t<\/p>\n<\/div>\n<div class=\"txtfdiv\">\n<p>Adresse<br \/>\n<span class=\"wpcf7-form-control-wrap\" data-name=\"Adresse\"><input size=\"40\" maxlength=\"400\" class=\"wpcf7-form-control wpcf7-text wpcf7-validates-as-required txtf\" aria-required=\"true\" aria-invalid=\"false\" value=\"\" type=\"text\" name=\"Adresse\" \/><\/span>\n\t<\/p>\n<\/div>\n<div class=\"txtfdiv\">\n<p>Postnummmer<br \/>\n<span class=\"wpcf7-form-control-wrap\" data-name=\"Postnummer\"><input size=\"40\" maxlength=\"4\" minlength=\"4\" class=\"wpcf7-form-control wpcf7-text wpcf7-validates-as-required txtf\" aria-required=\"true\" aria-invalid=\"false\" value=\"\" type=\"text\" name=\"Postnummer\" \/><\/span>\n\t<\/p>\n<\/div>\n<div class=\"txtfdiv\">\n<p>By<br \/>\n<span class=\"wpcf7-form-control-wrap\" data-name=\"By\"><input size=\"40\" maxlength=\"400\" class=\"wpcf7-form-control wpcf7-text wpcf7-validates-as-required txtf\" aria-required=\"true\" aria-invalid=\"false\" value=\"\" type=\"text\" name=\"By\" \/><\/span>\n\t<\/p>\n<\/div>\n<div class=\"txtfdiv\">\n<p>telefon<br \/>\n<span class=\"wpcf7-form-control-wrap\" data-name=\"Telefonnummer\"><input size=\"40\" maxlength=\"8\" minlength=\"8\" class=\"wpcf7-form-control wpcf7-tel wpcf7-validates-as-required wpcf7-text wpcf7-validates-as-tel txtf\" autocomplete=\"tel\" aria-required=\"true\" aria-invalid=\"false\" value=\"\" type=\"tel\" name=\"Telefonnummer\" \/><\/span>\n\t<\/p>\n<\/div>\n<div class=\"txtfdiv\">\n<p>E-mail<br \/>\n<span class=\"wpcf7-form-control-wrap\" data-name=\"E-mail\"><input size=\"40\" maxlength=\"400\" class=\"wpcf7-form-control wpcf7-email wpcf7-validates-as-required wpcf7-text wpcf7-validates-as-email txtfdiv\" aria-required=\"true\" aria-invalid=\"false\" value=\"\" type=\"email\" name=\"E-mail\" \/><\/span>\n\t<\/p>\n<\/div>\n<div class=\"txtfdiv\">\n<p>F\u00f8dselsdag<br \/>\n<span class=\"wpcf7-form-control-wrap\" data-name=\"Fodselsdato\"><input size=\"40\" maxlength=\"8\" minlength=\"8\" class=\"wpcf7-form-control wpcf7-text wpcf7-validates-as-required txtf\" aria-required=\"true\" aria-invalid=\"false\" placeholder=\"ddmm\u00e5\u00e5\u00e5\u00e5\" value=\"\" type=\"text\" name=\"Fodselsdato\" \/><\/span>\n\t<\/p>\n<\/div>\n<div class=\"txtfdiv\">\n<p>Evt. kommentarer til din tilmelding<br \/>\n<span class=\"wpcf7-form-control-wrap\" data-name=\"Kommentar\"><textarea cols=\"40\" rows=\"10\" maxlength=\"2000\" class=\"wpcf7-form-control wpcf7-textarea txtfeldt\" aria-invalid=\"false\" name=\"Kommentar\"><\/textarea><\/span>\n\t<\/p>\n<\/div>\n<div class=\"submitdiv\">\n<p><input class=\"wpcf7-form-control wpcf7-submit has-spinner\" type=\"submit\" value=\"Indsend\" \/>\n\t<\/p>\n<\/div>\n<div style=\"height: 30px\">\n<\/div>\n<div class=\"wpcf7-turnstile cf-turnstile\" data-sitekey=\"0x4AAAAAADFMTRDfGGpW8Oqu\" data-response-field-name=\"_wpcf7_turnstile_response\"><\/div>\n<div class=\"wpcf7-response-output\" aria-hidden=\"true\"><\/div>\n<\/form>\n<\/div>\n<div class=\"su-note spacer\"  style=\"border-color:#dfdfdf;border-radius:3px;-moz-border-radius:3px;-webkit-border-radius:3px;\">\n<div class=\"su-note-inner su-u-clearfix su-u-trim\" style=\"background-color:#f9f9f9;border-color:#ffffff;color:#333333;border-radius:3px;-moz-border-radius:3px;-webkit-border-radius:3px;\">Alle felter skal udfyldes. Vi bruger din e-mail adresse til at sende oplysninger om kommende udflugter og aktiviteter i foreningen. N\u00e5r du tilmelder dig giver du derfor automatisk samtykke til at vi kan sende dig information p\u00e5 din e-mail adresse samt evt. dit telefonnummer (SMS).<\/div>\n<\/div>\n<\/div>\n<\/div><\/div><\/div><\/div><\/div><\/div><\/div><\/div><\/div><\/div>","protected":false},"excerpt":{"rendered":"<p>Kommende arrangementer Medlemsskab<\/p>\n","protected":false},"author":1,"featured_media":0,"parent":0,"menu_order":0,"comment_status":"closed","ping_status":"closed","template":"","meta":{"_acf_changed":false,"footnotes":""},"class_list":["post-32","page","type-page","status-publish"],"acf":[],"yoast_head":"<!-- This site is optimized with the Yoast SEO plugin v27.5 - https:\/\/yoast.com\/product\/yoast-seo-wordpress\/ -->\n<title>Bliv medlem | Medlemskab af Nordsj\u00e6lland Turforening<\/title>\n<meta name=\"description\" content=\"Bliv medlem af Nordsj\u00e6lland Turforening for 150 kr. \u00e5rligt. F\u00e5 adgang til f\u00e6lles udflugter, samv\u00e6r og gode oplevelser for 60+ i Helsing\u00f8r.\" \/>\n<meta name=\"robots\" content=\"index, follow, max-snippet:-1, max-image-preview:large, max-video-preview:-1\" \/>\n<link rel=\"canonical\" href=\"https:\/\/www.turforeningen.dk\/index.php\/medlemsskab\/\" \/>\n<meta property=\"og:locale\" content=\"da_DK\" \/>\n<meta property=\"og:type\" content=\"article\" \/>\n<meta property=\"og:title\" content=\"Bliv medlem | Medlemskab af Nordsj\u00e6lland Turforening\" \/>\n<meta property=\"og:description\" content=\"Bliv medlem af Nordsj\u00e6lland Turforening for 150 kr. \u00e5rligt. F\u00e5 adgang til f\u00e6lles udflugter, samv\u00e6r og gode oplevelser for 60+ i Helsing\u00f8r.\" \/>\n<meta property=\"og:url\" content=\"https:\/\/www.turforeningen.dk\/index.php\/medlemsskab\/\" \/>\n<meta property=\"og:site_name\" content=\"Nordsj\u00e6lland Turforening\" \/>\n<meta property=\"article:publisher\" content=\"https:\/\/www.facebook.com\/nordsjaellandturforening\" \/>\n<meta property=\"article:modified_time\" content=\"2026-04-30T20:38:07+00:00\" \/>\n<meta property=\"og:image\" content=\"https:\/\/www.turforeningen.dk\/wp-content\/uploads\/2026\/04\/erimitagefeatured-300x150.jpg\" \/>\n<meta name=\"twitter:card\" content=\"summary_large_image\" \/>\n<meta name=\"twitter:label1\" content=\"Estimeret l\u00e6setid\" \/>\n\t<meta name=\"twitter:data1\" content=\"2 minutter\" \/>\n<script type=\"application\/ld+json\" class=\"yoast-schema-graph\">{\"@context\":\"https:\\\/\\\/schema.org\",\"@graph\":[{\"@type\":\"WebPage\",\"@id\":\"https:\\\/\\\/www.turforeningen.dk\\\/index.php\\\/medlemsskab\\\/\",\"url\":\"https:\\\/\\\/www.turforeningen.dk\\\/index.php\\\/medlemsskab\\\/\",\"name\":\"Bliv medlem | Medlemskab af Nordsj\u00e6lland Turforening\",\"isPartOf\":{\"@id\":\"https:\\\/\\\/www.turforeningen.dk\\\/#website\"},\"primaryImageOfPage\":{\"@id\":\"https:\\\/\\\/www.turforeningen.dk\\\/index.php\\\/medlemsskab\\\/#primaryimage\"},\"image\":{\"@id\":\"https:\\\/\\\/www.turforeningen.dk\\\/index.php\\\/medlemsskab\\\/#primaryimage\"},\"thumbnailUrl\":\"https:\\\/\\\/www.turforeningen.dk\\\/wp-content\\\/uploads\\\/2026\\\/04\\\/erimitagefeatured-300x150.jpg\",\"datePublished\":\"2026-04-05T18:02:29+00:00\",\"dateModified\":\"2026-04-30T20:38:07+00:00\",\"description\":\"Bliv medlem af Nordsj\u00e6lland Turforening for 150 kr. \u00e5rligt. F\u00e5 adgang til f\u00e6lles udflugter, samv\u00e6r og gode oplevelser for 60+ i Helsing\u00f8r.\",\"breadcrumb\":{\"@id\":\"https:\\\/\\\/www.turforeningen.dk\\\/index.php\\\/medlemsskab\\\/#breadcrumb\"},\"inLanguage\":\"da-DK\",\"potentialAction\":[{\"@type\":\"ReadAction\",\"target\":[\"https:\\\/\\\/www.turforeningen.dk\\\/index.php\\\/medlemsskab\\\/\"]}]},{\"@type\":\"ImageObject\",\"inLanguage\":\"da-DK\",\"@id\":\"https:\\\/\\\/www.turforeningen.dk\\\/index.php\\\/medlemsskab\\\/#primaryimage\",\"url\":\"https:\\\/\\\/www.turforeningen.dk\\\/wp-content\\\/uploads\\\/2026\\\/04\\\/erimitagefeatured.jpg\",\"contentUrl\":\"https:\\\/\\\/www.turforeningen.dk\\\/wp-content\\\/uploads\\\/2026\\\/04\\\/erimitagefeatured.jpg\",\"width\":1500,\"height\":750},{\"@type\":\"BreadcrumbList\",\"@id\":\"https:\\\/\\\/www.turforeningen.dk\\\/index.php\\\/medlemsskab\\\/#breadcrumb\",\"itemListElement\":[{\"@type\":\"ListItem\",\"position\":1,\"name\":\"Hjem\",\"item\":\"https:\\\/\\\/www.turforeningen.dk\\\/\"},{\"@type\":\"ListItem\",\"position\":2,\"name\":\"Medlemsskab\"}]},{\"@type\":\"WebSite\",\"@id\":\"https:\\\/\\\/www.turforeningen.dk\\\/#website\",\"url\":\"https:\\\/\\\/www.turforeningen.dk\\\/\",\"name\":\"Nordsj\u00e6lland Turforening\",\"description\":\"\",\"publisher\":{\"@id\":\"https:\\\/\\\/www.turforeningen.dk\\\/#organization\"},\"potentialAction\":[{\"@type\":\"SearchAction\",\"target\":{\"@type\":\"EntryPoint\",\"urlTemplate\":\"https:\\\/\\\/www.turforeningen.dk\\\/?s={search_term_string}\"},\"query-input\":{\"@type\":\"PropertyValueSpecification\",\"valueRequired\":true,\"valueName\":\"search_term_string\"}}],\"inLanguage\":\"da-DK\"},{\"@type\":\"Organization\",\"@id\":\"https:\\\/\\\/www.turforeningen.dk\\\/#organization\",\"name\":\"Nordsj\u00e6lland Turforening\",\"url\":\"https:\\\/\\\/www.turforeningen.dk\\\/\",\"logo\":{\"@type\":\"ImageObject\",\"inLanguage\":\"da-DK\",\"@id\":\"https:\\\/\\\/www.turforeningen.dk\\\/#\\\/schema\\\/logo\\\/image\\\/\",\"url\":\"https:\\\/\\\/www.turforeningen.dk\\\/wp-content\\\/uploads\\\/2026\\\/04\\\/footerlogo-1.png\",\"contentUrl\":\"https:\\\/\\\/www.turforeningen.dk\\\/wp-content\\\/uploads\\\/2026\\\/04\\\/footerlogo-1.png\",\"width\":764,\"height\":188,\"caption\":\"Nordsj\u00e6lland Turforening\"},\"image\":{\"@id\":\"https:\\\/\\\/www.turforeningen.dk\\\/#\\\/schema\\\/logo\\\/image\\\/\"},\"sameAs\":[\"https:\\\/\\\/www.facebook.com\\\/nordsjaellandturforening\"]}]}<\/script>\n<!-- \/ Yoast SEO plugin. -->","yoast_head_json":{"title":"Bliv medlem | Medlemskab af Nordsj\u00e6lland Turforening","description":"Bliv medlem af Nordsj\u00e6lland Turforening for 150 kr. \u00e5rligt. F\u00e5 adgang til f\u00e6lles udflugter, samv\u00e6r og gode oplevelser for 60+ i Helsing\u00f8r.","robots":{"index":"index","follow":"follow","max-snippet":"max-snippet:-1","max-image-preview":"max-image-preview:large","max-video-preview":"max-video-preview:-1"},"canonical":"https:\/\/www.turforeningen.dk\/index.php\/medlemsskab\/","og_locale":"da_DK","og_type":"article","og_title":"Bliv medlem | Medlemskab af Nordsj\u00e6lland Turforening","og_description":"Bliv medlem af Nordsj\u00e6lland Turforening for 150 kr. \u00e5rligt. F\u00e5 adgang til f\u00e6lles udflugter, samv\u00e6r og gode oplevelser for 60+ i Helsing\u00f8r.","og_url":"https:\/\/www.turforeningen.dk\/index.php\/medlemsskab\/","og_site_name":"Nordsj\u00e6lland Turforening","article_publisher":"https:\/\/www.facebook.com\/nordsjaellandturforening","article_modified_time":"2026-04-30T20:38:07+00:00","og_image":[{"url":"https:\/\/www.turforeningen.dk\/wp-content\/uploads\/2026\/04\/erimitagefeatured-300x150.jpg","type":"","width":"","height":""}],"twitter_card":"summary_large_image","twitter_misc":{"Estimeret l\u00e6setid":"2 minutter"},"schema":{"@context":"https:\/\/schema.org","@graph":[{"@type":"WebPage","@id":"https:\/\/www.turforeningen.dk\/index.php\/medlemsskab\/","url":"https:\/\/www.turforeningen.dk\/index.php\/medlemsskab\/","name":"Bliv medlem | Medlemskab af Nordsj\u00e6lland Turforening","isPartOf":{"@id":"https:\/\/www.turforeningen.dk\/#website"},"primaryImageOfPage":{"@id":"https:\/\/www.turforeningen.dk\/index.php\/medlemsskab\/#primaryimage"},"image":{"@id":"https:\/\/www.turforeningen.dk\/index.php\/medlemsskab\/#primaryimage"},"thumbnailUrl":"https:\/\/www.turforeningen.dk\/wp-content\/uploads\/2026\/04\/erimitagefeatured-300x150.jpg","datePublished":"2026-04-05T18:02:29+00:00","dateModified":"2026-04-30T20:38:07+00:00","description":"Bliv medlem af Nordsj\u00e6lland Turforening for 150 kr. \u00e5rligt. F\u00e5 adgang til f\u00e6lles udflugter, samv\u00e6r og gode oplevelser for 60+ i Helsing\u00f8r.","breadcrumb":{"@id":"https:\/\/www.turforeningen.dk\/index.php\/medlemsskab\/#breadcrumb"},"inLanguage":"da-DK","potentialAction":[{"@type":"ReadAction","target":["https:\/\/www.turforeningen.dk\/index.php\/medlemsskab\/"]}]},{"@type":"ImageObject","inLanguage":"da-DK","@id":"https:\/\/www.turforeningen.dk\/index.php\/medlemsskab\/#primaryimage","url":"https:\/\/www.turforeningen.dk\/wp-content\/uploads\/2026\/04\/erimitagefeatured.jpg","contentUrl":"https:\/\/www.turforeningen.dk\/wp-content\/uploads\/2026\/04\/erimitagefeatured.jpg","width":1500,"height":750},{"@type":"BreadcrumbList","@id":"https:\/\/www.turforeningen.dk\/index.php\/medlemsskab\/#breadcrumb","itemListElement":[{"@type":"ListItem","position":1,"name":"Hjem","item":"https:\/\/www.turforeningen.dk\/"},{"@type":"ListItem","position":2,"name":"Medlemsskab"}]},{"@type":"WebSite","@id":"https:\/\/www.turforeningen.dk\/#website","url":"https:\/\/www.turforeningen.dk\/","name":"Nordsj\u00e6lland Turforening","description":"","publisher":{"@id":"https:\/\/www.turforeningen.dk\/#organization"},"potentialAction":[{"@type":"SearchAction","target":{"@type":"EntryPoint","urlTemplate":"https:\/\/www.turforeningen.dk\/?s={search_term_string}"},"query-input":{"@type":"PropertyValueSpecification","valueRequired":true,"valueName":"search_term_string"}}],"inLanguage":"da-DK"},{"@type":"Organization","@id":"https:\/\/www.turforeningen.dk\/#organization","name":"Nordsj\u00e6lland Turforening","url":"https:\/\/www.turforeningen.dk\/","logo":{"@type":"ImageObject","inLanguage":"da-DK","@id":"https:\/\/www.turforeningen.dk\/#\/schema\/logo\/image\/","url":"https:\/\/www.turforeningen.dk\/wp-content\/uploads\/2026\/04\/footerlogo-1.png","contentUrl":"https:\/\/www.turforeningen.dk\/wp-content\/uploads\/2026\/04\/footerlogo-1.png","width":764,"height":188,"caption":"Nordsj\u00e6lland Turforening"},"image":{"@id":"https:\/\/www.turforeningen.dk\/#\/schema\/logo\/image\/"},"sameAs":["https:\/\/www.facebook.com\/nordsjaellandturforening"]}]}},"rttpg_featured_image_url":null,"rttpg_author":{"display_name":"Lars","author_link":"https:\/\/www.turforeningen.dk\/index.php\/author\/lars\/"},"rttpg_comment":0,"rttpg_category":null,"rttpg_excerpt":"Kommende arrangementer Medlemsskab","_links":{"self":[{"href":"https:\/\/www.turforeningen.dk\/index.php\/wp-json\/wp\/v2\/pages\/32","targetHints":{"allow":["GET"]}}],"collection":[{"href":"https:\/\/www.turforeningen.dk\/index.php\/wp-json\/wp\/v2\/pages"}],"about":[{"href":"https:\/\/www.turforeningen.dk\/index.php\/wp-json\/wp\/v2\/types\/page"}],"author":[{"embeddable":true,"href":"https:\/\/www.turforeningen.dk\/index.php\/wp-json\/wp\/v2\/users\/1"}],"replies":[{"embeddable":true,"href":"https:\/\/www.turforeningen.dk\/index.php\/wp-json\/wp\/v2\/comments?post=32"}],"version-history":[{"count":42,"href":"https:\/\/www.turforeningen.dk\/index.php\/wp-json\/wp\/v2\/pages\/32\/revisions"}],"predecessor-version":[{"id":1685,"href":"https:\/\/www.turforeningen.dk\/index.php\/wp-json\/wp\/v2\/pages\/32\/revisions\/1685"}],"wp:attachment":[{"href":"https:\/\/www.turforeningen.dk\/index.php\/wp-json\/wp\/v2\/media?parent=32"}],"curies":[{"name":"wp","href":"https:\/\/api.w.org\/{rel}","templated":true}]}}