{"id":1187,"date":"2026-04-28T14:52:34","date_gmt":"2026-04-28T12:52:34","guid":{"rendered":"https:\/\/www.turforeningen.dk\/?page_id=1187"},"modified":"2026-04-30T22:27:52","modified_gmt":"2026-04-30T20:27:52","slug":"om-os","status":"publish","type":"page","link":"https:\/\/www.turforeningen.dk\/index.php\/om-os\/","title":{"rendered":"Om os"},"content":{"rendered":"<div id=\"pl-1187\"  class=\"panel-layout\" ><div id=\"pg-1187-0\"  class=\"panel-grid panel-no-style\" ><div id=\"pgc-1187-0-0\"  class=\"panel-grid-cell\" ><div id=\"panel-1187-0-0-0\" class=\"so-panel widget widget_sow-editor panel-first-child panel-last-child\" data-index=\"0\" ><div\n\t\t\t\n\t\t\tclass=\"so-widget-sow-editor so-widget-sow-editor-base\"\n\t\t\t\n\t\t>\n<div class=\"siteorigin-widget-tinymce textwidget\">\n\t<div class=\"kommende\">Kommende arrangementer <i class=\"fas fa-arrow-alt-circle-down \" ><\/i><\/div>\n<div class=\"pt-cv-wrapper\">\n<div class=\"pt-cv-view pt-cv-scrollable pt-cv-colsys\" id=\"pt-cv-view-72eba92tid\">\n<div data-id=\"pt-cv-page-1\" class=\"pt-cv-page\" data-cvc=\"1\">\n<div id=\"1e020d2ojc\" class=\"pt-cv-carousel pt-cv-slide\" data-ride=\"cvcarousel\" data-interval=false>\n<div class=\"carousel-inner\">\n<div class=\"item active\">\n<div class=\"row\">\n<div class=\"col-md-12 pt-cv-content-item pt-cv-1-col\" ><a href=\"https:\/\/www.turforeningen.dk\/index.php\/2026\/04\/30\/erimitageslottet\/\" class=\"_self pt-cv-href-thumbnail pt-cv-thumb-default\" target=\"_self\" ><img loading=\"lazy\" decoding=\"async\" width=\"300\" height=\"150\" src=\"https:\/\/www.turforeningen.dk\/wp-content\/uploads\/2026\/04\/erimitagefeatured-300x150.jpg\" class=\"pt-cv-thumbnail\" alt=\"\" srcset=\"https:\/\/www.turforeningen.dk\/wp-content\/uploads\/2026\/04\/erimitagefeatured-300x150.jpg 300w, https:\/\/www.turforeningen.dk\/wp-content\/uploads\/2026\/04\/erimitagefeatured-1024x512.jpg 1024w, https:\/\/www.turforeningen.dk\/wp-content\/uploads\/2026\/04\/erimitagefeatured-768x384.jpg 768w, https:\/\/www.turforeningen.dk\/wp-content\/uploads\/2026\/04\/erimitagefeatured.jpg 1500w\" sizes=\"auto, (max-width: 300px) 100vw, 300px\" \/><\/a><\/p>\n<div class=\"pt-cv-carousel-caption pt-cv-cap-w-img\">\n<h4 class=\"pt-cv-title\"><a href=\"https:\/\/www.turforeningen.dk\/index.php\/2026\/04\/30\/erimitageslottet\/\" class=\"_self\" target=\"_self\" >ERIMITAGESLOTTET<\/a><\/h4>\n<div class=\"pt-cv-content\">\n<div class=\"pt-cv-rmwrap\"><a href=\"https:\/\/www.turforeningen.dk\/index.php\/2026\/04\/30\/erimitageslottet\/\" class=\"_self pt-cv-readmore btn btn-success\" target=\"_self\">L\u00e6s Mere<\/a><\/div>\n<\/div>\n<\/div>\n<\/div>\n<\/div>\n<\/div>\n<\/div>\n<\/div>\n<\/div>\n<\/div>\n<\/div>\n<\/div>\n<\/div><\/div><\/div><\/div><div id=\"pg-1187-1\"  class=\"panel-grid panel-no-style\" ><div id=\"pgc-1187-1-0\"  class=\"panel-grid-cell\" ><div id=\"panel-1187-1-0-0\" class=\"so-panel widget widget_sow-editor panel-first-child panel-last-child\" data-index=\"1\" ><div\n\t\t\t\n\t\t\tclass=\"so-widget-sow-editor so-widget-sow-editor-base\"\n\t\t\t\n\t\t>\n<div class=\"siteorigin-widget-tinymce textwidget\">\n\t<div class=\"entry-title2\">NORDSJ\u00c6LLAND TURFORENING<\/div>\n<\/div>\n<\/div><\/div><\/div><\/div><div id=\"pg-1187-2\"  class=\"panel-grid panel-has-style\" ><div class=\"panel-row-style panel-row-style-for-1187-2\" ><div id=\"pgc-1187-2-0\"  class=\"panel-grid-cell\" ><div id=\"panel-1187-2-0-0\" class=\"so-panel widget widget_siteorigin-panels-builder panel-first-child panel-last-child\" data-index=\"2\" ><div id=\"pl-w69f39a0e7c60b\"  class=\"panel-layout\" ><div id=\"pg-w69f39a0e7c60b-0\"  class=\"panel-grid panel-no-style\" ><div id=\"pgc-w69f39a0e7c60b-0-0\"  class=\"panel-grid-cell\" ><div id=\"panel-w69f39a0e7c60b-0-0-0\" class=\"so-panel widget widget_sow-editor panel-first-child\" data-index=\"0\" ><div\n\t\t\t\n\t\t\tclass=\"so-widget-sow-editor so-widget-sow-editor-base\"\n\t\t\t\n\t\t>\n<div class=\"siteorigin-widget-tinymce textwidget\">\n\t<\/div>\n<\/div><\/div><div id=\"panel-w69f39a0e7c60b-0-0-1\" class=\"so-panel widget widget_sow-editor panel-last-child\" data-index=\"1\" ><div class=\"omosrow panel-widget-style panel-widget-style-for-w69f39a0e7c60b-0-0-1\" ><div\n\t\t\t\n\t\t\tclass=\"so-widget-sow-editor so-widget-sow-editor-base\"\n\t\t\t\n\t\t>\n<div class=\"siteorigin-widget-tinymce textwidget\">\n\t<div class=\"custom-divider-header header-overlap\">\n<h2 class=\"divider-text\">Historien om os<\/h2>\n<\/div>\n<p style=\"text-align: center;\">Vi er en aktiv udflugtsforening, der henvender sig til alle i aldersgruppen 60+. Siden foreningen blev stiftet i januar 2015, har vores form\u00e5l v\u00e6ret at skabe meningsfulde oplevelser og et st\u00e6rkt socialt sammenhold for vores medlemmer.<\/p>\n<\/div>\n<\/div><\/div><\/div><\/div><\/div><div id=\"pg-w69f39a0e7c60b-1\"  class=\"panel-grid panel-has-style\" ><div class=\"omosrow panel-row-style panel-row-style-for-w69f39a0e7c60b-1\" ><div id=\"pgc-w69f39a0e7c60b-1-0\"  class=\"panel-grid-cell\" ><div id=\"panel-w69f39a0e7c60b-1-0-0\" class=\"so-panel widget widget_sow-editor panel-first-child panel-last-child\" data-index=\"2\" ><div\n\t\t\t\n\t\t\tclass=\"so-widget-sow-editor so-widget-sow-editor-base\"\n\t\t\t\n\t\t>\n<div class=\"siteorigin-widget-tinymce textwidget\">\n\t<div class=\"custom-divider-header header-overlap\">\n<h2 class=\"divider-text\">Fra en vision til et varmt f\u00e6llesskab<\/h2>\n<\/div>\n<p style=\"text-align: center;\">Nordsj\u00e6lland Turforening blev stiftet i januar 2015 af J\u00f8rgen Suddergaard og hans hustru, Ingerlise Jensen. Med erfaring som guide \u00f8nskede J\u00f8rgen at skabe et f\u00e6llesskab, hvor det sociale samv\u00e6r v\u00e6gtede lige s\u00e5 h\u00f8jt som de kulturelle oplevelser. Hans filosofi var simpel: Ingen skal beh\u00f8ve at g\u00e5 p\u00e5 museum eller teater alene \u2013 de bedste oplevelser er dem, vi deler med andre.<\/p>\n<\/div>\n<\/div><\/div><\/div><\/div><\/div><div id=\"pg-w69f39a0e7c60b-2\"  class=\"panel-grid panel-has-style\" ><div class=\"omosrow panel-row-style panel-row-style-for-w69f39a0e7c60b-2\" ><div id=\"pgc-w69f39a0e7c60b-2-0\"  class=\"panel-grid-cell\" ><div id=\"panel-w69f39a0e7c60b-2-0-0\" class=\"so-panel widget widget_sow-editor panel-first-child panel-last-child\" data-index=\"3\" ><div\n\t\t\t\n\t\t\tclass=\"so-widget-sow-editor so-widget-sow-editor-base\"\n\t\t\t\n\t\t>\n<div class=\"siteorigin-widget-tinymce textwidget\">\n\t<div class=\"custom-divider-header header-overlap\">\n<h2 class=\"divider-text\">En arv der lever videre<\/h2>\n<\/div>\n<p style=\"text-align: center;\">Foreningens rejse har budt p\u00e5 alt fra store jazzrejser og krydstogter til lokale kulturperler i Nordsj\u00e6lland. Vi har mindev\u00e6rdige stunder fra Dyrehavsbakken, Operetteb\u00e5den og bes\u00f8g i alt fra slotte til lufthavne. Midt i de mange forskelligartede oplevelser er vores faste ankre de \u00e5rlige traditioner: julefrokosten, generalforsamlingen og det uformelle samv\u00e6r, der fejrer f\u00e6llesskabet.<\/p>\n<\/div>\n<\/div><\/div><\/div><\/div><\/div><div id=\"pg-w69f39a0e7c60b-3\"  class=\"panel-grid panel-has-style\" ><div class=\"omosrow panel-row-style panel-row-style-for-w69f39a0e7c60b-3\" ><div id=\"pgc-w69f39a0e7c60b-3-0\"  class=\"panel-grid-cell\" ><div id=\"panel-w69f39a0e7c60b-3-0-0\" class=\"so-panel widget widget_sow-editor panel-first-child panel-last-child\" data-index=\"4\" ><div\n\t\t\t\n\t\t\tclass=\"so-widget-sow-editor so-widget-sow-editor-base\"\n\t\t\t\n\t\t>\n<div class=\"siteorigin-widget-tinymce textwidget\">\n\t<div class=\"custom-divider-header header-overlap\">\n<h2 class=\"divider-text\">Nordsj\u00e6lland turforening version 3<\/h2>\n<\/div>\n<p style=\"text-align: center;\">Omkring \u00e5rsskiftet 2025\/2026 oplevede vi den udfordring, at vores hjemmeside blev lagt ned. Vi valgte at se det som en mulighed for at starte forfra, og i for\u00e5ret 2026 lancerede vi \"Nordsj\u00e6lland Turforening Version 3\". Med nyt logo og et moderne, sikkert design er vi st\u00e6rkere end nogensinde \u2013 men med det samme gode indhold og f\u00e6llesskab som altid.<\/p>\n<\/div>\n<\/div><\/div><\/div><\/div><\/div><div id=\"pg-w69f39a0e7c60b-4\"  class=\"panel-grid panel-has-style\" ><div class=\"omosrow panel-row-style panel-row-style-for-w69f39a0e7c60b-4\" ><div id=\"pgc-w69f39a0e7c60b-4-0\"  class=\"panel-grid-cell\" ><div id=\"panel-w69f39a0e7c60b-4-0-0\" class=\"so-panel widget widget_sow-editor panel-first-child panel-last-child\" data-index=\"5\" ><div\n\t\t\t\n\t\t\tclass=\"so-widget-sow-editor so-widget-sow-editor-base\"\n\t\t\t\n\t\t>\n<div class=\"siteorigin-widget-tinymce textwidget\">\n\t<div class=\"custom-divider-header header-overlap\">\n<h2 class=\"divider-text\">frivillige kr\u00e6fter er vores hjerteblod<\/h2>\n<\/div>\n<p style=\"text-align: center;\">Nordsj\u00e6lland Turforening drives af frivilligt engagement, hvor lysten driver v\u00e6rket. Det er de frivillige kr\u00e6fter, der skaber den gode atmosf\u00e6re og g\u00f8r det muligt at holde priserne p\u00e5 et niveau, hvor alle kan v\u00e6re med. Vi er altid \u00e5bne for nye ansigter, der har lyst til at bidrage til f\u00e6llesskabet \u2013 uanset om det er med praktisk planl\u00e6gning eller et velkommende smil.<\/p>\n<\/div>\n<\/div><\/div><\/div><\/div><\/div><div id=\"pg-w69f39a0e7c60b-5\"  class=\"panel-grid panel-no-style\" ><div id=\"pgc-w69f39a0e7c60b-5-0\"  class=\"panel-grid-cell\" ><div id=\"panel-w69f39a0e7c60b-5-0-0\" class=\"so-panel widget widget_sow-editor panel-first-child\" data-index=\"6\" ><div\n\t\t\t\n\t\t\tclass=\"so-widget-sow-editor so-widget-sow-editor-base\"\n\t\t\t\n\t\t>\n<div class=\"siteorigin-widget-tinymce textwidget\">\n\t<div class=\"custom-divider-header\"><span class=\"divider-text\">Vi ser fremad<\/span><\/div>\n<\/div>\n<\/div><\/div><div id=\"panel-w69f39a0e7c60b-5-0-1\" class=\"so-panel widget widget_sow-editor panel-last-child\" data-index=\"7\" ><div class=\"panel-widget-style panel-widget-style-for-w69f39a0e7c60b-5-0-1\" ><div\n\t\t\t\n\t\t\tclass=\"so-widget-sow-editor so-widget-sow-editor-base\"\n\t\t\t\n\t\t>\n<div class=\"siteorigin-widget-tinymce textwidget\">\n\t<p style=\"text-align: center;\">Vi er stolte af vores historie, men vi er endnu mere sp\u00e6ndte p\u00e5 fremtiden. Vi ser frem til mange flere gode \u00e5r i selskab med foreningens sk\u00f8nne medlemmer, nye s\u00e5vel som gamle. Vi st\u00e5r klar til at skrive nye kapitler i vores f\u00e6lles oplevelsesbog.<\/p>\n<p style=\"text-align: center;\">Velkommen til Nordsj\u00e6lland Turforening \u2013 et levende f\u00e6llesskab for 60+, hvor de gode stunder venter.<\/p>\n<p>&nbsp;<\/p>\n<p><img loading=\"lazy\" decoding=\"async\" class=\"aligncenter wp-image-596\" src=\"https:\/\/www.turforeningen.dk\/wp-content\/uploads\/2026\/04\/footerlogo-1.png\" alt=\"\" width=\"200\" height=\"49\" srcset=\"https:\/\/www.turforeningen.dk\/wp-content\/uploads\/2026\/04\/footerlogo-1.png 764w, https:\/\/www.turforeningen.dk\/wp-content\/uploads\/2026\/04\/footerlogo-1-300x74.png 300w\" sizes=\"auto, (max-width: 200px) 100vw, 200px\" \/><\/p>\n<\/div>\n<\/div><\/div><\/div><\/div><\/div><\/div><\/div><\/div><\/div><\/div><\/div>","protected":false},"excerpt":{"rendered":"<p>Kommende arrangementer NORDSJ\u00c6LLAND TURFORENING<\/p>\n","protected":false},"author":1,"featured_media":0,"parent":0,"menu_order":0,"comment_status":"closed","ping_status":"closed","template":"","meta":{"_acf_changed":false,"footnotes":""},"class_list":["post-1187","page","type-page","status-publish"],"acf":[],"yoast_head":"<!-- This site is optimized with the Yoast SEO plugin v27.5 - https:\/\/yoast.com\/product\/yoast-seo-wordpress\/ -->\n<title>Om os - Nordsj\u00e6lland Turforening Om os | Historien bag Nordsj\u00e6lland Turforening<\/title>\n<meta name=\"description\" content=\"Oplev Nordsj\u00e6lland Turforening - aktiv udflugtsforening for 60+. Find nye venner og del sp\u00e6ndende oplevelser sammen.\" \/>\n<meta name=\"robots\" content=\"index, follow, max-snippet:-1, max-image-preview:large, max-video-preview:-1\" \/>\n<link rel=\"canonical\" href=\"https:\/\/www.turforeningen.dk\/index.php\/om-os\/\" \/>\n<meta property=\"og:locale\" content=\"da_DK\" \/>\n<meta property=\"og:type\" content=\"article\" \/>\n<meta property=\"og:title\" content=\"Om os - Nordsj\u00e6lland Turforening Om os | Historien bag Nordsj\u00e6lland Turforening\" \/>\n<meta property=\"og:description\" content=\"Oplev Nordsj\u00e6lland Turforening - aktiv udflugtsforening for 60+. Find nye venner og del sp\u00e6ndende oplevelser sammen.\" \/>\n<meta property=\"og:url\" content=\"https:\/\/www.turforeningen.dk\/index.php\/om-os\/\" \/>\n<meta property=\"og:site_name\" content=\"Nordsj\u00e6lland Turforening\" \/>\n<meta property=\"article:publisher\" content=\"https:\/\/www.facebook.com\/nordsjaellandturforening\" \/>\n<meta property=\"article:modified_time\" content=\"2026-04-30T20:27:52+00:00\" \/>\n<meta property=\"og:image\" content=\"https:\/\/www.turforeningen.dk\/wp-content\/uploads\/2026\/04\/erimitagefeatured-300x150.jpg\" \/>\n<meta name=\"twitter:card\" content=\"summary_large_image\" \/>\n<meta name=\"twitter:label1\" content=\"Estimeret l\u00e6setid\" \/>\n\t<meta name=\"twitter:data1\" content=\"3 minutter\" \/>\n<script type=\"application\/ld+json\" class=\"yoast-schema-graph\">{\"@context\":\"https:\\\/\\\/schema.org\",\"@graph\":[{\"@type\":\"WebPage\",\"@id\":\"https:\\\/\\\/www.turforeningen.dk\\\/index.php\\\/om-os\\\/\",\"url\":\"https:\\\/\\\/www.turforeningen.dk\\\/index.php\\\/om-os\\\/\",\"name\":\"Om os - Nordsj\u00e6lland Turforening Om os | Historien bag Nordsj\u00e6lland Turforening\",\"isPartOf\":{\"@id\":\"https:\\\/\\\/www.turforeningen.dk\\\/#website\"},\"primaryImageOfPage\":{\"@id\":\"https:\\\/\\\/www.turforeningen.dk\\\/index.php\\\/om-os\\\/#primaryimage\"},\"image\":{\"@id\":\"https:\\\/\\\/www.turforeningen.dk\\\/index.php\\\/om-os\\\/#primaryimage\"},\"thumbnailUrl\":\"https:\\\/\\\/www.turforeningen.dk\\\/wp-content\\\/uploads\\\/2026\\\/04\\\/erimitagefeatured-300x150.jpg\",\"datePublished\":\"2026-04-28T12:52:34+00:00\",\"dateModified\":\"2026-04-30T20:27:52+00:00\",\"description\":\"Oplev Nordsj\u00e6lland Turforening - aktiv udflugtsforening for 60+. Find nye venner og del sp\u00e6ndende oplevelser sammen.\",\"breadcrumb\":{\"@id\":\"https:\\\/\\\/www.turforeningen.dk\\\/index.php\\\/om-os\\\/#breadcrumb\"},\"inLanguage\":\"da-DK\",\"potentialAction\":[{\"@type\":\"ReadAction\",\"target\":[\"https:\\\/\\\/www.turforeningen.dk\\\/index.php\\\/om-os\\\/\"]}]},{\"@type\":\"ImageObject\",\"inLanguage\":\"da-DK\",\"@id\":\"https:\\\/\\\/www.turforeningen.dk\\\/index.php\\\/om-os\\\/#primaryimage\",\"url\":\"https:\\\/\\\/www.turforeningen.dk\\\/wp-content\\\/uploads\\\/2026\\\/04\\\/erimitagefeatured.jpg\",\"contentUrl\":\"https:\\\/\\\/www.turforeningen.dk\\\/wp-content\\\/uploads\\\/2026\\\/04\\\/erimitagefeatured.jpg\",\"width\":1500,\"height\":750},{\"@type\":\"BreadcrumbList\",\"@id\":\"https:\\\/\\\/www.turforeningen.dk\\\/index.php\\\/om-os\\\/#breadcrumb\",\"itemListElement\":[{\"@type\":\"ListItem\",\"position\":1,\"name\":\"Hjem\",\"item\":\"https:\\\/\\\/www.turforeningen.dk\\\/\"},{\"@type\":\"ListItem\",\"position\":2,\"name\":\"Om os\"}]},{\"@type\":\"WebSite\",\"@id\":\"https:\\\/\\\/www.turforeningen.dk\\\/#website\",\"url\":\"https:\\\/\\\/www.turforeningen.dk\\\/\",\"name\":\"Nordsj\u00e6lland Turforening\",\"description\":\"\",\"publisher\":{\"@id\":\"https:\\\/\\\/www.turforeningen.dk\\\/#organization\"},\"potentialAction\":[{\"@type\":\"SearchAction\",\"target\":{\"@type\":\"EntryPoint\",\"urlTemplate\":\"https:\\\/\\\/www.turforeningen.dk\\\/?s={search_term_string}\"},\"query-input\":{\"@type\":\"PropertyValueSpecification\",\"valueRequired\":true,\"valueName\":\"search_term_string\"}}],\"inLanguage\":\"da-DK\"},{\"@type\":\"Organization\",\"@id\":\"https:\\\/\\\/www.turforeningen.dk\\\/#organization\",\"name\":\"Nordsj\u00e6lland Turforening\",\"url\":\"https:\\\/\\\/www.turforeningen.dk\\\/\",\"logo\":{\"@type\":\"ImageObject\",\"inLanguage\":\"da-DK\",\"@id\":\"https:\\\/\\\/www.turforeningen.dk\\\/#\\\/schema\\\/logo\\\/image\\\/\",\"url\":\"https:\\\/\\\/www.turforeningen.dk\\\/wp-content\\\/uploads\\\/2026\\\/04\\\/footerlogo-1.png\",\"contentUrl\":\"https:\\\/\\\/www.turforeningen.dk\\\/wp-content\\\/uploads\\\/2026\\\/04\\\/footerlogo-1.png\",\"width\":764,\"height\":188,\"caption\":\"Nordsj\u00e6lland Turforening\"},\"image\":{\"@id\":\"https:\\\/\\\/www.turforeningen.dk\\\/#\\\/schema\\\/logo\\\/image\\\/\"},\"sameAs\":[\"https:\\\/\\\/www.facebook.com\\\/nordsjaellandturforening\"]}]}<\/script>\n<!-- \/ Yoast SEO plugin. -->","yoast_head_json":{"title":"Om os - Nordsj\u00e6lland Turforening Om os | Historien bag Nordsj\u00e6lland Turforening","description":"Oplev Nordsj\u00e6lland Turforening - aktiv udflugtsforening for 60+. Find nye venner og del sp\u00e6ndende oplevelser sammen.","robots":{"index":"index","follow":"follow","max-snippet":"max-snippet:-1","max-image-preview":"max-image-preview:large","max-video-preview":"max-video-preview:-1"},"canonical":"https:\/\/www.turforeningen.dk\/index.php\/om-os\/","og_locale":"da_DK","og_type":"article","og_title":"Om os - Nordsj\u00e6lland Turforening Om os | Historien bag Nordsj\u00e6lland Turforening","og_description":"Oplev Nordsj\u00e6lland Turforening - aktiv udflugtsforening for 60+. Find nye venner og del sp\u00e6ndende oplevelser sammen.","og_url":"https:\/\/www.turforeningen.dk\/index.php\/om-os\/","og_site_name":"Nordsj\u00e6lland Turforening","article_publisher":"https:\/\/www.facebook.com\/nordsjaellandturforening","article_modified_time":"2026-04-30T20:27:52+00:00","og_image":[{"url":"https:\/\/www.turforeningen.dk\/wp-content\/uploads\/2026\/04\/erimitagefeatured-300x150.jpg","type":"","width":"","height":""}],"twitter_card":"summary_large_image","twitter_misc":{"Estimeret l\u00e6setid":"3 minutter"},"schema":{"@context":"https:\/\/schema.org","@graph":[{"@type":"WebPage","@id":"https:\/\/www.turforeningen.dk\/index.php\/om-os\/","url":"https:\/\/www.turforeningen.dk\/index.php\/om-os\/","name":"Om os - Nordsj\u00e6lland Turforening Om os | Historien bag Nordsj\u00e6lland Turforening","isPartOf":{"@id":"https:\/\/www.turforeningen.dk\/#website"},"primaryImageOfPage":{"@id":"https:\/\/www.turforeningen.dk\/index.php\/om-os\/#primaryimage"},"image":{"@id":"https:\/\/www.turforeningen.dk\/index.php\/om-os\/#primaryimage"},"thumbnailUrl":"https:\/\/www.turforeningen.dk\/wp-content\/uploads\/2026\/04\/erimitagefeatured-300x150.jpg","datePublished":"2026-04-28T12:52:34+00:00","dateModified":"2026-04-30T20:27:52+00:00","description":"Oplev Nordsj\u00e6lland Turforening - aktiv udflugtsforening for 60+. Find nye venner og del sp\u00e6ndende oplevelser sammen.","breadcrumb":{"@id":"https:\/\/www.turforeningen.dk\/index.php\/om-os\/#breadcrumb"},"inLanguage":"da-DK","potentialAction":[{"@type":"ReadAction","target":["https:\/\/www.turforeningen.dk\/index.php\/om-os\/"]}]},{"@type":"ImageObject","inLanguage":"da-DK","@id":"https:\/\/www.turforeningen.dk\/index.php\/om-os\/#primaryimage","url":"https:\/\/www.turforeningen.dk\/wp-content\/uploads\/2026\/04\/erimitagefeatured.jpg","contentUrl":"https:\/\/www.turforeningen.dk\/wp-content\/uploads\/2026\/04\/erimitagefeatured.jpg","width":1500,"height":750},{"@type":"BreadcrumbList","@id":"https:\/\/www.turforeningen.dk\/index.php\/om-os\/#breadcrumb","itemListElement":[{"@type":"ListItem","position":1,"name":"Hjem","item":"https:\/\/www.turforeningen.dk\/"},{"@type":"ListItem","position":2,"name":"Om os"}]},{"@type":"WebSite","@id":"https:\/\/www.turforeningen.dk\/#website","url":"https:\/\/www.turforeningen.dk\/","name":"Nordsj\u00e6lland Turforening","description":"","publisher":{"@id":"https:\/\/www.turforeningen.dk\/#organization"},"potentialAction":[{"@type":"SearchAction","target":{"@type":"EntryPoint","urlTemplate":"https:\/\/www.turforeningen.dk\/?s={search_term_string}"},"query-input":{"@type":"PropertyValueSpecification","valueRequired":true,"valueName":"search_term_string"}}],"inLanguage":"da-DK"},{"@type":"Organization","@id":"https:\/\/www.turforeningen.dk\/#organization","name":"Nordsj\u00e6lland Turforening","url":"https:\/\/www.turforeningen.dk\/","logo":{"@type":"ImageObject","inLanguage":"da-DK","@id":"https:\/\/www.turforeningen.dk\/#\/schema\/logo\/image\/","url":"https:\/\/www.turforeningen.dk\/wp-content\/uploads\/2026\/04\/footerlogo-1.png","contentUrl":"https:\/\/www.turforeningen.dk\/wp-content\/uploads\/2026\/04\/footerlogo-1.png","width":764,"height":188,"caption":"Nordsj\u00e6lland Turforening"},"image":{"@id":"https:\/\/www.turforeningen.dk\/#\/schema\/logo\/image\/"},"sameAs":["https:\/\/www.facebook.com\/nordsjaellandturforening"]}]}},"rttpg_featured_image_url":null,"rttpg_author":{"display_name":"Lars","author_link":"https:\/\/www.turforeningen.dk\/index.php\/author\/lars\/"},"rttpg_comment":0,"rttpg_category":null,"rttpg_excerpt":"Kommende arrangementer NORDSJ\u00c6LLAND TURFORENING","_links":{"self":[{"href":"https:\/\/www.turforeningen.dk\/index.php\/wp-json\/wp\/v2\/pages\/1187","targetHints":{"allow":["GET"]}}],"collection":[{"href":"https:\/\/www.turforeningen.dk\/index.php\/wp-json\/wp\/v2\/pages"}],"about":[{"href":"https:\/\/www.turforeningen.dk\/index.php\/wp-json\/wp\/v2\/types\/page"}],"author":[{"embeddable":true,"href":"https:\/\/www.turforeningen.dk\/index.php\/wp-json\/wp\/v2\/users\/1"}],"replies":[{"embeddable":true,"href":"https:\/\/www.turforeningen.dk\/index.php\/wp-json\/wp\/v2\/comments?post=1187"}],"version-history":[{"count":61,"href":"https:\/\/www.turforeningen.dk\/index.php\/wp-json\/wp\/v2\/pages\/1187\/revisions"}],"predecessor-version":[{"id":1682,"href":"https:\/\/www.turforeningen.dk\/index.php\/wp-json\/wp\/v2\/pages\/1187\/revisions\/1682"}],"wp:attachment":[{"href":"https:\/\/www.turforeningen.dk\/index.php\/wp-json\/wp\/v2\/media?parent=1187"}],"curies":[{"name":"wp","href":"https:\/\/api.w.org\/{rel}","templated":true}]}}