{"id":1020,"date":"2026-04-27T21:54:38","date_gmt":"2026-04-27T19:54:38","guid":{"rendered":"https:\/\/www.turforeningen.dk\/?page_id=1020"},"modified":"2026-05-01T10:52:00","modified_gmt":"2026-05-01T08:52:00","slug":"tidligere-afholde-arrangementer","status":"publish","type":"page","link":"https:\/\/www.turforeningen.dk\/index.php\/aktiviteter\/tidligere-afholde-arrangementer\/","title":{"rendered":"Tidligere afholde arrangementer"},"content":{"rendered":"<div id=\"pl-1020\"  class=\"panel-layout\" ><div id=\"pg-1020-0\"  class=\"panel-grid panel-no-style\" ><div id=\"pgc-1020-0-0\"  class=\"panel-grid-cell\" ><div id=\"panel-1020-0-0-0\" class=\"so-panel widget widget_sow-editor panel-first-child panel-last-child\" data-index=\"0\" ><div\n\t\t\t\n\t\t\tclass=\"so-widget-sow-editor so-widget-sow-editor-base\"\n\t\t\t\n\t\t>\n<div class=\"siteorigin-widget-tinymce textwidget\">\n\t<div class=\"kommende\">Kommende arrangementer <i class=\"fas fa-arrow-alt-circle-down \" ><\/i><\/div>\n<div class=\"pt-cv-wrapper\">\n<div class=\"pt-cv-view pt-cv-scrollable pt-cv-colsys\" id=\"pt-cv-view-72eba92tid\">\n<div data-id=\"pt-cv-page-1\" class=\"pt-cv-page\" data-cvc=\"1\">\n<div id=\"4eaa8152lp\" class=\"pt-cv-carousel pt-cv-slide\" data-ride=\"cvcarousel\" data-interval=false>\n<div class=\"carousel-inner\">\n<div class=\"item active\">\n<div class=\"row\">\n<div class=\"col-md-12 pt-cv-content-item pt-cv-1-col\" ><a href=\"https:\/\/www.turforeningen.dk\/index.php\/2026\/04\/30\/erimitageslottet\/\" class=\"_self pt-cv-href-thumbnail pt-cv-thumb-default\" target=\"_self\" ><img loading=\"lazy\" decoding=\"async\" width=\"300\" height=\"150\" src=\"https:\/\/www.turforeningen.dk\/wp-content\/uploads\/2026\/04\/erimitagefeatured-300x150.jpg\" class=\"pt-cv-thumbnail\" alt=\"\" srcset=\"https:\/\/www.turforeningen.dk\/wp-content\/uploads\/2026\/04\/erimitagefeatured-300x150.jpg 300w, https:\/\/www.turforeningen.dk\/wp-content\/uploads\/2026\/04\/erimitagefeatured-1024x512.jpg 1024w, https:\/\/www.turforeningen.dk\/wp-content\/uploads\/2026\/04\/erimitagefeatured-768x384.jpg 768w, https:\/\/www.turforeningen.dk\/wp-content\/uploads\/2026\/04\/erimitagefeatured.jpg 1500w\" sizes=\"auto, (max-width: 300px) 100vw, 300px\" \/><\/a><\/p>\n<div class=\"pt-cv-carousel-caption pt-cv-cap-w-img\">\n<h4 class=\"pt-cv-title\"><a href=\"https:\/\/www.turforeningen.dk\/index.php\/2026\/04\/30\/erimitageslottet\/\" class=\"_self\" target=\"_self\" >ERIMITAGESLOTTET<\/a><\/h4>\n<div class=\"pt-cv-content\">\n<div class=\"pt-cv-rmwrap\"><a href=\"https:\/\/www.turforeningen.dk\/index.php\/2026\/04\/30\/erimitageslottet\/\" class=\"_self pt-cv-readmore btn btn-success\" target=\"_self\">L\u00e6s Mere<\/a><\/div>\n<\/div>\n<\/div>\n<\/div>\n<\/div>\n<\/div>\n<\/div>\n<\/div>\n<\/div>\n<\/div>\n<\/div>\n<\/div>\n<\/div><\/div><\/div><\/div><div id=\"pg-1020-1\"  class=\"panel-grid panel-no-style\" ><div id=\"pgc-1020-1-0\"  class=\"panel-grid-cell\" ><div id=\"panel-1020-1-0-0\" class=\"so-panel widget widget_sow-editor panel-first-child panel-last-child\" data-index=\"1\" ><div\n\t\t\t\n\t\t\tclass=\"so-widget-sow-editor so-widget-sow-editor-base\"\n\t\t\t\n\t\t>\n<div class=\"siteorigin-widget-tinymce textwidget\">\n\t<div class=\"entry-title2\">TIDLIGERE AFHOLDTE AKTIVITETER<\/div>\n<\/div>\n<\/div><\/div><\/div><\/div><div id=\"pg-1020-2\"  class=\"panel-grid panel-no-style\" ><div id=\"pgc-1020-2-0\"  class=\"panel-grid-cell\" ><div id=\"panel-1020-2-0-0\" class=\"so-panel widget widget_sow-editor panel-first-child panel-last-child\" data-index=\"2\" ><div\n\t\t\t\n\t\t\tclass=\"so-widget-sow-editor so-widget-sow-editor-base\"\n\t\t\t\n\t\t>\n<div class=\"siteorigin-widget-tinymce textwidget\">\n\t<div class=\"custom-divider-header\">\n    <span class=\"divider-text\">Da arkivet tog p\u00e5 uventet ferie.<\/span>\n<\/div>\n<\/div>\n<\/div><\/div><\/div><\/div><div id=\"pg-1020-3\"  class=\"panel-grid panel-no-style\" ><div id=\"pgc-1020-3-0\"  class=\"panel-grid-cell\" ><div id=\"panel-1020-3-0-0\" class=\"so-panel widget widget_sow-editor panel-first-child panel-last-child\" data-index=\"3\" ><div\n\t\t\t\n\t\t\tclass=\"so-widget-sow-editor so-widget-sow-editor-base\"\n\t\t\t\n\t\t>\n<div class=\"siteorigin-widget-tinymce textwidget\">\n\t<p>Selvom en uheldig hosting-fejl sendte vores digitale bagkatalog p\u00e5 en uventet rejse ud i cyberspace, lader vi os ikke sl\u00e5 ud. Vi har v\u00e6ret \"rundt om blokken\" f\u00f8r, og vi ved, at f\u00e6llesskabet betyder mere end dokumentationen.<br \/>\nSom bevis p\u00e5, at vi ikke er \"de nye drenge i klassen\", har vi fisket titlerne p\u00e5 vores tidligere bedrifter frem fra arkiverne. Herunder ser du en \"aktivitets-sky\" over alt fra slotte og klostre til de uundv\u00e6rlige julefrokoster. Det er vores visuelle bevis p\u00e5, at vi har v\u00e6ret der, gjort det \u2013 og altid f\u00e5et kaffe og kage undervejs! G\u00e5 p\u00e5 opdagelse i minderne, mens vi bygger fremtidens arkiv op p\u00e5 ny.<\/p>\n<\/div>\n<\/div><\/div><\/div><\/div><div id=\"pg-1020-4\"  class=\"panel-grid panel-no-style\" ><div id=\"pgc-1020-4-0\"  class=\"panel-grid-cell\" ><div id=\"panel-1020-4-0-0\" class=\"so-panel widget widget_sow-editor panel-first-child panel-last-child\" data-index=\"4\" ><div class=\"panel-widget-style panel-widget-style-for-1020-4-0-0\" ><div\n\t\t\t\n\t\t\tclass=\"so-widget-sow-editor so-widget-sow-editor-base\"\n\t\t\t\n\t\t>\n<div class=\"siteorigin-widget-tinymce textwidget\">\n\t<div class=\"archive-cloud-container\"><span class=\"archive-tag archive-xl\">Generalforsamling 2025<\/span><br \/>\n<span class=\"archive-tag archive-m\">MONUMENTERNES BY<\/span><br \/>\n<span class=\"archive-tag archive-s\">Elvis v\/Flemming<\/span><br \/>\n<span class=\"archive-tag archive-l\">JULEFROKOST 2024<\/span><br \/>\n<span class=\"archive-tag archive-m\">Jule Jazzcruise 24<\/span><br \/>\n<span class=\"archive-tag archive-xl\">KULTURHAVN KRONBORG<\/span><br \/>\n<span class=\"archive-tag archive-s\">SLOTSHOLMEN<\/span><br \/>\n<span class=\"archive-tag archive-l\">OPERETTEB\u00c5DEN 2024<\/span><br \/>\n<span class=\"archive-tag archive-m\">5-kamp Dyrehavsbakken 2024<\/span><br \/>\n<span class=\"archive-tag archive-xs\">Humleb\u00e6k mikro mejeri<\/span><br \/>\n<span class=\"archive-tag archive-s\">SKT LIOBA KLOSTRET<\/span><br \/>\n<span class=\"archive-tag archive-xl\">GENERALFORSAMLING 2024<\/span><br \/>\n<span class=\"archive-tag archive-l\">Frederiksborg Slot<\/span><br \/>\n<span class=\"archive-tag archive-m\">Jule jazzcruise i K\u00f8benhavn<\/span><br \/>\n<span class=\"archive-tag archive-l\">Julefrokost 2023<\/span><br \/>\n<span class=\"archive-tag archive-s\">Grevinde Danners lejlighed<\/span><br \/>\n<span class=\"archive-tag archive-xs\">Georg Jensen smedje<\/span><br \/>\n<span class=\"archive-tag archive-m\">Damernes Dag<\/span><br \/>\n<span class=\"archive-tag archive-l\">Operetteb\u00e5den 2023<\/span><br \/>\n<span class=\"archive-tag archive-xl\">REVYEN I HELSING\u00d8R<\/span><br \/>\n<span class=\"archive-tag archive-m\">5KAMP DYREHAVSBAKKEN 23<\/span><br \/>\n<span class=\"archive-tag archive-s\">Roskilde Domkirke<\/span><br \/>\n<span class=\"archive-tag archive-l\">Generalforsamling 2023<\/span><br \/>\n<span class=\"archive-tag archive-xl\">Christiansborg 50\u00e5r sammen i EU<\/span><br \/>\n<span class=\"archive-tag archive-l\">Julefrokost 2022<\/span><br \/>\n<span class=\"archive-tag archive-s\">Jule kanalrundfart 22<\/span><br \/>\n<span class=\"archive-tag archive-m\">Christiansborg slot<\/span><br \/>\n<span class=\"archive-tag archive-xs\">Vinsmagning 2022<\/span><br \/>\n<span class=\"archive-tag archive-m\">Helsing\u00f8r Kirkeg\u00e5rd<\/span><br \/>\n<span class=\"archive-tag archive-l\">Operetteb\u00e5den 2022<\/span><br \/>\n<span class=\"archive-tag archive-xl\">Cirkusrevyen<\/span><br \/>\n<span class=\"archive-tag archive-s\">Naverhulen<\/span><br \/>\n<span class=\"archive-tag archive-m\">Dannerhuset<\/span><br \/>\n<span class=\"archive-tag archive-l\">Generalforsamling 2022<\/span><br \/>\n<span class=\"archive-tag archive-m\">En dronnings smykkeskrin<\/span><br \/>\n<span class=\"archive-tag archive-l\">Bj\u00f8rn Wiinblads hus<\/span><br \/>\n<span class=\"archive-tag archive-s\">Jule kanalrundfart<\/span><br \/>\n<span class=\"archive-tag archive-l\">Julefrokost 2021<\/span><br \/>\n<span class=\"archive-tag archive-m\">Gadens stemmer<\/span><br \/>\n<span class=\"archive-tag archive-s\">Horser\u00f8dlejrens museum<\/span><br \/>\n<span class=\"archive-tag archive-m\">Holmgaard v\u00e6rket<\/span><br \/>\n<span class=\"archive-tag archive-xs\">\u00d8rby Ving\u00e5rd<\/span><br \/>\n<span class=\"archive-tag archive-xl\">OPERETTEB\u00c5DEN 2021<\/span><br \/>\n<span class=\"archive-tag archive-l\">Dyrehavsbakken 5kamp<\/span><br \/>\n<span class=\"archive-tag archive-m\">Hundested sandskulptur festival<\/span><br \/>\n<span class=\"archive-tag archive-l\">Den Royale runde<\/span><br \/>\n<span class=\"archive-tag archive-s\">Mindelunden<\/span><br \/>\n<span class=\"archive-tag archive-m\">Operetteb\u00e5den adventshygge<\/span><br \/>\n<span class=\"archive-tag archive-xl\">Det kongelige teater<\/span><br \/>\n<span class=\"archive-tag archive-s\">Svanholm Gods<\/span><br \/>\n<span class=\"archive-tag archive-l\">Fristaden Christania<\/span><br \/>\n<span class=\"archive-tag archive-m\">Helsing\u00f8r R\u00e5dhus<\/span><br \/>\n<span class=\"archive-tag archive-xl\">5KAMP DYREHAVSBAKKEN<\/span><br \/>\n<span class=\"archive-tag archive-l\">OPERETTEB\u00c5DEN 2020<\/span><br \/>\n<span class=\"archive-tag archive-m\">Dronningens ansigter<\/span><br \/>\n<span class=\"archive-tag archive-xl\">ARBEJDERMUSEET<\/span><br \/>\n<span class=\"archive-tag archive-l\">DANNER HUSET<\/span><br \/>\n<span class=\"archive-tag archive-m\">Generalforsamling 2020<\/span><br \/>\n<span class=\"archive-tag archive-l\">Julefrokost 2019<\/span><br \/>\n<span class=\"archive-tag archive-s\">Sels\u00f8 slot<\/span><br \/>\n<span class=\"archive-tag archive-m\">I H.C. Andersens fodspor<\/span><br \/>\n<span class=\"archive-tag archive-xs\">Kastrup lufthavn<\/span><br \/>\n<span class=\"archive-tag archive-xl\">SVENDBORG<\/span><br \/>\n<span class=\"archive-tag archive-l\">Operetteb\u00e5den 2019<\/span><br \/>\n<span class=\"archive-tag archive-s\">Niv\u00e5g\u00e5rd havevandring<\/span><br \/>\n<span class=\"archive-tag archive-xl\">SENIOR 5-KAMP P\u00c5 DYREHAVSBAKKEN<\/span><br \/>\n<span class=\"archive-tag archive-m\">Tycho Brahe Planetarium<\/span><br \/>\n<span class=\"archive-tag archive-l\">HOTEL NIMB<\/span><br \/>\n<span class=\"archive-tag archive-s\">Lo skolen konventum<\/span><br \/>\n<span class=\"archive-tag archive-xl\">CHRISTIANSBORG<\/span><br \/>\n<span class=\"archive-tag archive-l\">Julefrokost 18<\/span><br \/>\n<span class=\"archive-tag archive-m\">Helsing\u00f8r byvandring<\/span><br \/>\n<span class=\"archive-tag archive-xs\">Sildens dag<\/span><br \/>\n<span class=\"archive-tag archive-l\">Kastrup Lufthavn<\/span><br \/>\n<span class=\"archive-tag archive-xl\">MSC PREZIOSA<\/span><br \/>\n<span class=\"archive-tag archive-l\">Operetteb\u00e5den 2018<\/span><br \/>\n<span class=\"archive-tag archive-m\">Rosenborg Slot<\/span><br \/>\n<span class=\"archive-tag archive-s\">VINSMAGNING<\/span><br \/>\n<span class=\"archive-tag archive-xl\">Generalforsamling 2018<\/span><br \/>\n<span class=\"archive-tag archive-l\">JAZZTUR TIL TYSKLAND<\/span><br \/>\n<span class=\"archive-tag archive-xl\">K\u00d8BENHAVNS POLITIG\u00c5RD<\/span><br \/>\n<span class=\"archive-tag archive-s\">TYCHO BRAHE<\/span><br \/>\n<span class=\"archive-tag archive-l\">KONGELIGE STALDE<\/span><br \/>\n<span class=\"archive-tag archive-l\">JULEFROKOST 17<\/span><br \/>\n<span class=\"archive-tag archive-m\">K\u00d8BENHAVNS HOVEDBANEG\u00c5RD<\/span><br \/>\n<span class=\"archive-tag archive-s\">FRILANDSMUSEET<\/span><br \/>\n<span class=\"archive-tag archive-xl\">MSC FANTASIA<\/span><br \/>\n<span class=\"archive-tag archive-l\">OPERETTEB\u00c5DEN<\/span><br \/>\n<span class=\"archive-tag archive-m\">JAZZAFTEN P\u00c5 THYCO BRAHE<\/span><br \/>\n<span class=\"archive-tag archive-l\">RUNDVISNING P\u00c5 CARLSBERG<\/span><br \/>\n<span class=\"archive-tag archive-xl\">AMALIENBORG<\/span><br \/>\n<span class=\"archive-tag archive-l\">Fredensborg Slot<\/span><br \/>\n<span class=\"archive-tag archive-l\">Operetteb\u00e5den<\/span><br \/>\n<span class=\"archive-tag archive-l\">Julefrokost 2016<\/span><br \/>\n<span class=\"archive-tag archive-m\">MEDICINSK MUSEION<\/span><br \/>\n<span class=\"archive-tag archive-xl\">FREDENSBORG SLOT<\/span><br \/>\n<span class=\"archive-tag archive-s\">POLITIMUSEET<\/span><\/div>\n<\/div>\n<\/div><\/div><\/div><\/div><\/div><\/div>","protected":false},"excerpt":{"rendered":"<p>Kommende arrangementer TIDLIGERE AFHOLDTE AKTIVITETER<\/p>\n","protected":false},"author":1,"featured_media":0,"parent":36,"menu_order":0,"comment_status":"closed","ping_status":"closed","template":"","meta":{"_acf_changed":false,"footnotes":""},"class_list":["post-1020","page","type-page","status-publish"],"acf":[],"yoast_head":"<!-- This site is optimized with the Yoast SEO plugin v27.5 - https:\/\/yoast.com\/product\/yoast-seo-wordpress\/ -->\n<title>Tidligere udflugter - Nordsj\u00e6lland Turforening<\/title>\n<meta name=\"description\" content=\"G\u00e5 p\u00e5 opdagelse i vores tidligere udflugter. Se arkivet over vores mange minder, fra slotsbes\u00f8g til julefrokoster i Nordsj\u00e6lland Turforening\" \/>\n<meta name=\"robots\" content=\"index, follow, max-snippet:-1, max-image-preview:large, max-video-preview:-1\" \/>\n<link rel=\"canonical\" href=\"https:\/\/www.turforeningen.dk\/index.php\/aktiviteter\/tidligere-afholde-arrangementer\/\" \/>\n<meta property=\"og:locale\" content=\"da_DK\" \/>\n<meta property=\"og:type\" content=\"article\" \/>\n<meta property=\"og:title\" content=\"Tidligere udflugter - Nordsj\u00e6lland Turforening\" \/>\n<meta property=\"og:description\" content=\"G\u00e5 p\u00e5 opdagelse i vores tidligere udflugter. Se arkivet over vores mange minder, fra slotsbes\u00f8g til julefrokoster i Nordsj\u00e6lland Turforening\" \/>\n<meta property=\"og:url\" content=\"https:\/\/www.turforeningen.dk\/index.php\/aktiviteter\/tidligere-afholde-arrangementer\/\" \/>\n<meta property=\"og:site_name\" content=\"Nordsj\u00e6lland Turforening\" \/>\n<meta property=\"article:publisher\" content=\"https:\/\/www.facebook.com\/nordsjaellandturforening\" \/>\n<meta property=\"article:modified_time\" content=\"2026-05-01T08:52:00+00:00\" \/>\n<meta property=\"og:image\" content=\"https:\/\/www.turforeningen.dk\/wp-content\/uploads\/2026\/04\/erimitagefeatured-300x150.jpg\" \/>\n<meta name=\"twitter:card\" content=\"summary_large_image\" \/>\n<meta name=\"twitter:label1\" content=\"Estimeret l\u00e6setid\" \/>\n\t<meta name=\"twitter:data1\" content=\"3 minutter\" \/>\n<script type=\"application\/ld+json\" class=\"yoast-schema-graph\">{\"@context\":\"https:\\\/\\\/schema.org\",\"@graph\":[{\"@type\":\"WebPage\",\"@id\":\"https:\\\/\\\/www.turforeningen.dk\\\/index.php\\\/aktiviteter\\\/tidligere-afholde-arrangementer\\\/\",\"url\":\"https:\\\/\\\/www.turforeningen.dk\\\/index.php\\\/aktiviteter\\\/tidligere-afholde-arrangementer\\\/\",\"name\":\"Tidligere udflugter - Nordsj\u00e6lland Turforening\",\"isPartOf\":{\"@id\":\"https:\\\/\\\/www.turforeningen.dk\\\/#website\"},\"primaryImageOfPage\":{\"@id\":\"https:\\\/\\\/www.turforeningen.dk\\\/index.php\\\/aktiviteter\\\/tidligere-afholde-arrangementer\\\/#primaryimage\"},\"image\":{\"@id\":\"https:\\\/\\\/www.turforeningen.dk\\\/index.php\\\/aktiviteter\\\/tidligere-afholde-arrangementer\\\/#primaryimage\"},\"thumbnailUrl\":\"https:\\\/\\\/www.turforeningen.dk\\\/wp-content\\\/uploads\\\/2026\\\/04\\\/erimitagefeatured-300x150.jpg\",\"datePublished\":\"2026-04-27T19:54:38+00:00\",\"dateModified\":\"2026-05-01T08:52:00+00:00\",\"description\":\"G\u00e5 p\u00e5 opdagelse i vores tidligere udflugter. Se arkivet over vores mange minder, fra slotsbes\u00f8g til julefrokoster i Nordsj\u00e6lland Turforening\",\"breadcrumb\":{\"@id\":\"https:\\\/\\\/www.turforeningen.dk\\\/index.php\\\/aktiviteter\\\/tidligere-afholde-arrangementer\\\/#breadcrumb\"},\"inLanguage\":\"da-DK\",\"potentialAction\":[{\"@type\":\"ReadAction\",\"target\":[\"https:\\\/\\\/www.turforeningen.dk\\\/index.php\\\/aktiviteter\\\/tidligere-afholde-arrangementer\\\/\"]}]},{\"@type\":\"ImageObject\",\"inLanguage\":\"da-DK\",\"@id\":\"https:\\\/\\\/www.turforeningen.dk\\\/index.php\\\/aktiviteter\\\/tidligere-afholde-arrangementer\\\/#primaryimage\",\"url\":\"https:\\\/\\\/www.turforeningen.dk\\\/wp-content\\\/uploads\\\/2026\\\/04\\\/erimitagefeatured.jpg\",\"contentUrl\":\"https:\\\/\\\/www.turforeningen.dk\\\/wp-content\\\/uploads\\\/2026\\\/04\\\/erimitagefeatured.jpg\",\"width\":1500,\"height\":750},{\"@type\":\"BreadcrumbList\",\"@id\":\"https:\\\/\\\/www.turforeningen.dk\\\/index.php\\\/aktiviteter\\\/tidligere-afholde-arrangementer\\\/#breadcrumb\",\"itemListElement\":[{\"@type\":\"ListItem\",\"position\":1,\"name\":\"Hjem\",\"item\":\"https:\\\/\\\/www.turforeningen.dk\\\/\"},{\"@type\":\"ListItem\",\"position\":2,\"name\":\"Aktiviteter\",\"item\":\"https:\\\/\\\/www.turforeningen.dk\\\/index.php\\\/aktiviteter\\\/\"},{\"@type\":\"ListItem\",\"position\":3,\"name\":\"Tidligere afholde arrangementer\"}]},{\"@type\":\"WebSite\",\"@id\":\"https:\\\/\\\/www.turforeningen.dk\\\/#website\",\"url\":\"https:\\\/\\\/www.turforeningen.dk\\\/\",\"name\":\"Nordsj\u00e6lland Turforening\",\"description\":\"\",\"publisher\":{\"@id\":\"https:\\\/\\\/www.turforeningen.dk\\\/#organization\"},\"potentialAction\":[{\"@type\":\"SearchAction\",\"target\":{\"@type\":\"EntryPoint\",\"urlTemplate\":\"https:\\\/\\\/www.turforeningen.dk\\\/?s={search_term_string}\"},\"query-input\":{\"@type\":\"PropertyValueSpecification\",\"valueRequired\":true,\"valueName\":\"search_term_string\"}}],\"inLanguage\":\"da-DK\"},{\"@type\":\"Organization\",\"@id\":\"https:\\\/\\\/www.turforeningen.dk\\\/#organization\",\"name\":\"Nordsj\u00e6lland Turforening\",\"url\":\"https:\\\/\\\/www.turforeningen.dk\\\/\",\"logo\":{\"@type\":\"ImageObject\",\"inLanguage\":\"da-DK\",\"@id\":\"https:\\\/\\\/www.turforeningen.dk\\\/#\\\/schema\\\/logo\\\/image\\\/\",\"url\":\"https:\\\/\\\/www.turforeningen.dk\\\/wp-content\\\/uploads\\\/2026\\\/04\\\/footerlogo-1.png\",\"contentUrl\":\"https:\\\/\\\/www.turforeningen.dk\\\/wp-content\\\/uploads\\\/2026\\\/04\\\/footerlogo-1.png\",\"width\":764,\"height\":188,\"caption\":\"Nordsj\u00e6lland Turforening\"},\"image\":{\"@id\":\"https:\\\/\\\/www.turforeningen.dk\\\/#\\\/schema\\\/logo\\\/image\\\/\"},\"sameAs\":[\"https:\\\/\\\/www.facebook.com\\\/nordsjaellandturforening\"]}]}<\/script>\n<!-- \/ Yoast SEO plugin. -->","yoast_head_json":{"title":"Tidligere udflugter - Nordsj\u00e6lland Turforening","description":"G\u00e5 p\u00e5 opdagelse i vores tidligere udflugter. Se arkivet over vores mange minder, fra slotsbes\u00f8g til julefrokoster i Nordsj\u00e6lland Turforening","robots":{"index":"index","follow":"follow","max-snippet":"max-snippet:-1","max-image-preview":"max-image-preview:large","max-video-preview":"max-video-preview:-1"},"canonical":"https:\/\/www.turforeningen.dk\/index.php\/aktiviteter\/tidligere-afholde-arrangementer\/","og_locale":"da_DK","og_type":"article","og_title":"Tidligere udflugter - Nordsj\u00e6lland Turforening","og_description":"G\u00e5 p\u00e5 opdagelse i vores tidligere udflugter. Se arkivet over vores mange minder, fra slotsbes\u00f8g til julefrokoster i Nordsj\u00e6lland Turforening","og_url":"https:\/\/www.turforeningen.dk\/index.php\/aktiviteter\/tidligere-afholde-arrangementer\/","og_site_name":"Nordsj\u00e6lland Turforening","article_publisher":"https:\/\/www.facebook.com\/nordsjaellandturforening","article_modified_time":"2026-05-01T08:52:00+00:00","og_image":[{"url":"https:\/\/www.turforeningen.dk\/wp-content\/uploads\/2026\/04\/erimitagefeatured-300x150.jpg","type":"","width":"","height":""}],"twitter_card":"summary_large_image","twitter_misc":{"Estimeret l\u00e6setid":"3 minutter"},"schema":{"@context":"https:\/\/schema.org","@graph":[{"@type":"WebPage","@id":"https:\/\/www.turforeningen.dk\/index.php\/aktiviteter\/tidligere-afholde-arrangementer\/","url":"https:\/\/www.turforeningen.dk\/index.php\/aktiviteter\/tidligere-afholde-arrangementer\/","name":"Tidligere udflugter - Nordsj\u00e6lland Turforening","isPartOf":{"@id":"https:\/\/www.turforeningen.dk\/#website"},"primaryImageOfPage":{"@id":"https:\/\/www.turforeningen.dk\/index.php\/aktiviteter\/tidligere-afholde-arrangementer\/#primaryimage"},"image":{"@id":"https:\/\/www.turforeningen.dk\/index.php\/aktiviteter\/tidligere-afholde-arrangementer\/#primaryimage"},"thumbnailUrl":"https:\/\/www.turforeningen.dk\/wp-content\/uploads\/2026\/04\/erimitagefeatured-300x150.jpg","datePublished":"2026-04-27T19:54:38+00:00","dateModified":"2026-05-01T08:52:00+00:00","description":"G\u00e5 p\u00e5 opdagelse i vores tidligere udflugter. Se arkivet over vores mange minder, fra slotsbes\u00f8g til julefrokoster i Nordsj\u00e6lland Turforening","breadcrumb":{"@id":"https:\/\/www.turforeningen.dk\/index.php\/aktiviteter\/tidligere-afholde-arrangementer\/#breadcrumb"},"inLanguage":"da-DK","potentialAction":[{"@type":"ReadAction","target":["https:\/\/www.turforeningen.dk\/index.php\/aktiviteter\/tidligere-afholde-arrangementer\/"]}]},{"@type":"ImageObject","inLanguage":"da-DK","@id":"https:\/\/www.turforeningen.dk\/index.php\/aktiviteter\/tidligere-afholde-arrangementer\/#primaryimage","url":"https:\/\/www.turforeningen.dk\/wp-content\/uploads\/2026\/04\/erimitagefeatured.jpg","contentUrl":"https:\/\/www.turforeningen.dk\/wp-content\/uploads\/2026\/04\/erimitagefeatured.jpg","width":1500,"height":750},{"@type":"BreadcrumbList","@id":"https:\/\/www.turforeningen.dk\/index.php\/aktiviteter\/tidligere-afholde-arrangementer\/#breadcrumb","itemListElement":[{"@type":"ListItem","position":1,"name":"Hjem","item":"https:\/\/www.turforeningen.dk\/"},{"@type":"ListItem","position":2,"name":"Aktiviteter","item":"https:\/\/www.turforeningen.dk\/index.php\/aktiviteter\/"},{"@type":"ListItem","position":3,"name":"Tidligere afholde arrangementer"}]},{"@type":"WebSite","@id":"https:\/\/www.turforeningen.dk\/#website","url":"https:\/\/www.turforeningen.dk\/","name":"Nordsj\u00e6lland Turforening","description":"","publisher":{"@id":"https:\/\/www.turforeningen.dk\/#organization"},"potentialAction":[{"@type":"SearchAction","target":{"@type":"EntryPoint","urlTemplate":"https:\/\/www.turforeningen.dk\/?s={search_term_string}"},"query-input":{"@type":"PropertyValueSpecification","valueRequired":true,"valueName":"search_term_string"}}],"inLanguage":"da-DK"},{"@type":"Organization","@id":"https:\/\/www.turforeningen.dk\/#organization","name":"Nordsj\u00e6lland Turforening","url":"https:\/\/www.turforeningen.dk\/","logo":{"@type":"ImageObject","inLanguage":"da-DK","@id":"https:\/\/www.turforeningen.dk\/#\/schema\/logo\/image\/","url":"https:\/\/www.turforeningen.dk\/wp-content\/uploads\/2026\/04\/footerlogo-1.png","contentUrl":"https:\/\/www.turforeningen.dk\/wp-content\/uploads\/2026\/04\/footerlogo-1.png","width":764,"height":188,"caption":"Nordsj\u00e6lland Turforening"},"image":{"@id":"https:\/\/www.turforeningen.dk\/#\/schema\/logo\/image\/"},"sameAs":["https:\/\/www.facebook.com\/nordsjaellandturforening"]}]}},"rttpg_featured_image_url":null,"rttpg_author":{"display_name":"Lars","author_link":"https:\/\/www.turforeningen.dk\/index.php\/author\/lars\/"},"rttpg_comment":0,"rttpg_category":null,"rttpg_excerpt":"Kommende arrangementer TIDLIGERE AFHOLDTE AKTIVITETER","_links":{"self":[{"href":"https:\/\/www.turforeningen.dk\/index.php\/wp-json\/wp\/v2\/pages\/1020","targetHints":{"allow":["GET"]}}],"collection":[{"href":"https:\/\/www.turforeningen.dk\/index.php\/wp-json\/wp\/v2\/pages"}],"about":[{"href":"https:\/\/www.turforeningen.dk\/index.php\/wp-json\/wp\/v2\/types\/page"}],"author":[{"embeddable":true,"href":"https:\/\/www.turforeningen.dk\/index.php\/wp-json\/wp\/v2\/users\/1"}],"replies":[{"embeddable":true,"href":"https:\/\/www.turforeningen.dk\/index.php\/wp-json\/wp\/v2\/comments?post=1020"}],"version-history":[{"count":42,"href":"https:\/\/www.turforeningen.dk\/index.php\/wp-json\/wp\/v2\/pages\/1020\/revisions"}],"predecessor-version":[{"id":1720,"href":"https:\/\/www.turforeningen.dk\/index.php\/wp-json\/wp\/v2\/pages\/1020\/revisions\/1720"}],"up":[{"embeddable":true,"href":"https:\/\/www.turforeningen.dk\/index.php\/wp-json\/wp\/v2\/pages\/36"}],"wp:attachment":[{"href":"https:\/\/www.turforeningen.dk\/index.php\/wp-json\/wp\/v2\/media?parent=1020"}],"curies":[{"name":"wp","href":"https:\/\/api.w.org\/{rel}","templated":true}]}}